{"id":816,"date":"2023-03-10T09:02:46","date_gmt":"2023-03-10T12:02:46","guid":{"rendered":"http:\/\/cebras.unb.br\/?page_id=816"},"modified":"2023-03-14T09:24:42","modified_gmt":"2023-03-14T12:24:42","slug":"tela5-2","status":"publish","type":"page","link":"https:\/\/cebras.unb.br\/index.php\/tela5-2\/","title":{"rendered":"tela5 #2"},"content":{"rendered":"\t\t<div data-elementor-type=\"wp-page\" data-elementor-id=\"816\" class=\"elementor elementor-816\">\n\t\t\t\t\t\t\t\t\t<section class=\"elementor-section elementor-top-section elementor-element elementor-element-912f311 elementor-section-boxed elementor-section-height-default elementor-section-height-default\" data-id=\"912f311\" data-element_type=\"section\">\n\t\t\t\t\t\t<div class=\"elementor-container elementor-column-gap-default\">\n\t\t\t\t\t<div class=\"elementor-column elementor-col-100 elementor-top-column elementor-element elementor-element-c14c47d\" data-id=\"c14c47d\" data-element_type=\"column\">\n\t\t\t<div class=\"elementor-widget-wrap elementor-element-populated\">\n\t\t\t\t\t\t\t\t<div class=\"elementor-element elementor-element-5636ac9 elementor-widget elementor-widget-shortcode\" data-id=\"5636ac9\" data-element_type=\"widget\" data-widget_type=\"shortcode.default\">\n\t\t\t\t<div class=\"elementor-widget-container\">\n\t\t\t\t\t<div class=\"elementor-shortcode\"><div class=\"a211780c2fddca1a10607c1025a43909e\" style=\"display:none; color:#000000;\" icp-expire=\"0:00:30:00\" icp-type=\"DATE\" icp-redirect=\"esgotado\" icp-id=\"1\" icp-restart=\"0\"  icp-eg=\"1\" icp-expiration=\"1679339100\">\t\t<div class=\"abdb468641433a486a7eba960658ac5c7\">\n\t\t\t<div class=\"a5d5e09df4b704da7b7108b2b9bc55b2a\" style=\"font-size: 50px;\">0<\/div>\n\t\t\t<div class=\"aaceaa5494a3ed9b2811ce6e0feb85330\" style=\"font-size: 15px;\" icp-labels=\"days,day\">LBL<\/div>\n\t\t<\/div>\n\t\t\t\t<div class=\"a488eba456dd3c1e715282e5d7217b868\">\n\t\t\t<div class=\"a5d5e09df4b704da7b7108b2b9bc55b2a\" style=\"font-size: 50px;\">:<\/div>\n\t\t\t<div><\/div>\n\t\t<\/div>\n\t\t\t\t<div class=\"abdb468641433a486a7eba960658ac5c7\">\n\t\t\t<div class=\"a5d5e09df4b704da7b7108b2b9bc55b2a\" style=\"font-size: 50px;\">0<\/div>\n\t\t\t<div class=\"aaceaa5494a3ed9b2811ce6e0feb85330\" style=\"font-size: 15px;\" icp-labels=\"horas,hora\">LBL<\/div>\n\t\t<\/div>\n\t\t\t\t<div class=\"a488eba456dd3c1e715282e5d7217b868\">\n\t\t\t<div class=\"a5d5e09df4b704da7b7108b2b9bc55b2a\" style=\"font-size: 50px;\">:<\/div>\n\t\t\t<div><\/div>\n\t\t<\/div>\n\t\t\t\t<div class=\"abdb468641433a486a7eba960658ac5c7\">\n\t\t\t<div class=\"a5d5e09df4b704da7b7108b2b9bc55b2a\" style=\"font-size: 50px;\">0<\/div>\n\t\t\t<div class=\"aaceaa5494a3ed9b2811ce6e0feb85330\" style=\"font-size: 15px;\" icp-labels=\"minutos,minuto\">LBL<\/div>\n\t\t<\/div>\n\t\t\t\t<div class=\"a488eba456dd3c1e715282e5d7217b868\">\n\t\t\t<div class=\"a5d5e09df4b704da7b7108b2b9bc55b2a\" style=\"font-size: 50px;\">:<\/div>\n\t\t\t<div><\/div>\n\t\t<\/div>\n\t\t\t\t<div class=\"abdb468641433a486a7eba960658ac5c7\">\n\t\t\t<div class=\"a5d5e09df4b704da7b7108b2b9bc55b2a\" style=\"font-size: 50px;\">0<\/div>\n\t\t\t<div class=\"aaceaa5494a3ed9b2811ce6e0feb85330\" style=\"font-size: 15px;\" icp-labels=\"segundos,segundo\">LBL<\/div>\n\t\t<\/div>\n\t\t<\/div>\n<\/div>\n\t\t\t\t<\/div>\n\t\t\t\t<\/div>\n\t\t\t\t\t<\/div>\n\t\t<\/div>\n\t\t\t\t\t\t\t<\/div>\n\t\t<\/section>\n\t\t\t\t<section class=\"elementor-section elementor-top-section elementor-element elementor-element-b366cf7 elementor-section-boxed elementor-section-height-default elementor-section-height-default\" data-id=\"b366cf7\" data-element_type=\"section\">\n\t\t\t\t\t\t<div class=\"elementor-container elementor-column-gap-default\">\n\t\t\t\t\t<div class=\"elementor-column elementor-col-33 elementor-top-column elementor-element elementor-element-d652cb3\" data-id=\"d652cb3\" data-element_type=\"column\">\n\t\t\t<div class=\"elementor-widget-wrap elementor-element-populated\">\n\t\t\t\t\t\t\t\t<div class=\"elementor-element elementor-element-ab94508 elementor-widget elementor-widget-image\" data-id=\"ab94508\" data-element_type=\"widget\" data-widget_type=\"image.default\">\n\t\t\t\t<div class=\"elementor-widget-container\">\n\t\t\t<style>\/*! elementor - v3.8.1 - 13-11-2022 *\/\n.elementor-widget-image{text-align:center}.elementor-widget-image a{display:inline-block}.elementor-widget-image a img[src$=\".svg\"]{width:48px}.elementor-widget-image img{vertical-align:middle;display:inline-block}<\/style>\t\t\t\t\t\t\t\t\t\t\t\t<img loading=\"lazy\" decoding=\"async\" width=\"150\" height=\"121\" src=\"https:\/\/cebras.unb.br\/wp-content\/uploads\/2023\/03\/ESCS-e1663176531650-191x154-1.png\" class=\"attachment-thumbnail size-thumbnail\" alt=\"\" \/>\t\t\t\t\t\t\t\t\t\t\t\t\t\t\t<\/div>\n\t\t\t\t<\/div>\n\t\t\t\t\t<\/div>\n\t\t<\/div>\n\t\t\t\t<div class=\"elementor-column elementor-col-33 elementor-top-column elementor-element elementor-element-fd1b57c\" data-id=\"fd1b57c\" data-element_type=\"column\">\n\t\t\t<div class=\"elementor-widget-wrap elementor-element-populated\">\n\t\t\t\t\t\t\t\t<div class=\"elementor-element elementor-element-2534feb elementor-widget elementor-widget-heading\" data-id=\"2534feb\" data-element_type=\"widget\" data-widget_type=\"heading.default\">\n\t\t\t\t<div class=\"elementor-widget-container\">\n\t\t\t<style>\/*! elementor - v3.8.1 - 13-11-2022 *\/\n.elementor-heading-title{padding:0;margin:0;line-height:1}.elementor-widget-heading .elementor-heading-title[class*=elementor-size-]>a{color:inherit;font-size:inherit;line-height:inherit}.elementor-widget-heading .elementor-heading-title.elementor-size-small{font-size:15px}.elementor-widget-heading .elementor-heading-title.elementor-size-medium{font-size:19px}.elementor-widget-heading .elementor-heading-title.elementor-size-large{font-size:29px}.elementor-widget-heading .elementor-heading-title.elementor-size-xl{font-size:39px}.elementor-widget-heading .elementor-heading-title.elementor-size-xxl{font-size:59px}<\/style><h1 class=\"elementor-heading-title elementor-size-default\">na cl\u00ednica m\u00e9dica<\/h1>\t\t<\/div>\n\t\t\t\t<\/div>\n\t\t\t\t\t<\/div>\n\t\t<\/div>\n\t\t\t\t<div class=\"elementor-column elementor-col-33 elementor-top-column elementor-element elementor-element-3a8e496\" data-id=\"3a8e496\" data-element_type=\"column\">\n\t\t\t<div class=\"elementor-widget-wrap elementor-element-populated\">\n\t\t\t\t\t\t\t\t<div class=\"elementor-element elementor-element-41adde2 elementor-widget elementor-widget-image\" data-id=\"41adde2\" data-element_type=\"widget\" data-widget_type=\"image.default\">\n\t\t\t\t<div class=\"elementor-widget-container\">\n\t\t\t\t\t\t\t\t\t\t\t\t\t\t\t<img loading=\"lazy\" decoding=\"async\" width=\"150\" height=\"138\" src=\"https:\/\/cebras.unb.br\/wp-content\/uploads\/2022\/12\/admin-ajax.png\" class=\"attachment-thumbnail size-thumbnail\" alt=\"\" \/>\t\t\t\t\t\t\t\t\t\t\t\t\t\t\t<\/div>\n\t\t\t\t<\/div>\n\t\t\t\t\t<\/div>\n\t\t<\/div>\n\t\t\t\t\t\t\t<\/div>\n\t\t<\/section>\n\t\t\t\t<section class=\"elementor-section elementor-top-section elementor-element elementor-element-0625913 elementor-section-boxed elementor-section-height-default elementor-section-height-default\" data-id=\"0625913\" data-element_type=\"section\">\n\t\t\t\t\t\t<div class=\"elementor-container elementor-column-gap-default\">\n\t\t\t\t\t<div class=\"elementor-column elementor-col-50 elementor-top-column elementor-element elementor-element-202488a\" data-id=\"202488a\" data-element_type=\"column\">\n\t\t\t<div class=\"elementor-widget-wrap elementor-element-populated\">\n\t\t\t\t\t\t\t\t<div class=\"elementor-element elementor-element-932a347 elementor-widget elementor-widget-image\" data-id=\"932a347\" data-element_type=\"widget\" data-widget_type=\"image.default\">\n\t\t\t\t<div class=\"elementor-widget-container\">\n\t\t\t\t\t\t\t\t\t\t\t\t\t\t\t<img loading=\"lazy\" decoding=\"async\" width=\"577\" height=\"507\" src=\"https:\/\/cebras.unb.br\/wp-content\/uploads\/2023\/03\/Captura-de-tela-2023-03-09-220746.png\" class=\"attachment-large size-large\" alt=\"\" \/>\t\t\t\t\t\t\t\t\t\t\t\t\t\t\t<\/div>\n\t\t\t\t<\/div>\n\t\t\t\t\t<\/div>\n\t\t<\/div>\n\t\t\t\t<div class=\"elementor-column elementor-col-50 elementor-top-column elementor-element elementor-element-24a27a2\" data-id=\"24a27a2\" data-element_type=\"column\">\n\t\t\t<div class=\"elementor-widget-wrap elementor-element-populated\">\n\t\t\t\t\t\t\t\t<div class=\"elementor-element elementor-element-731292f elementor-widget elementor-widget-text-editor\" data-id=\"731292f\" data-element_type=\"widget\" data-widget_type=\"text-editor.default\">\n\t\t\t\t<div class=\"elementor-widget-container\">\n\t\t\t<style>\/*! elementor - v3.8.1 - 13-11-2022 *\/\n.elementor-widget-text-editor.elementor-drop-cap-view-stacked .elementor-drop-cap{background-color:#818a91;color:#fff}.elementor-widget-text-editor.elementor-drop-cap-view-framed .elementor-drop-cap{color:#818a91;border:3px solid;background-color:transparent}.elementor-widget-text-editor:not(.elementor-drop-cap-view-default) .elementor-drop-cap{margin-top:8px}.elementor-widget-text-editor:not(.elementor-drop-cap-view-default) .elementor-drop-cap-letter{width:1em;height:1em}.elementor-widget-text-editor .elementor-drop-cap{float:left;text-align:center;line-height:1;font-size:50px}.elementor-widget-text-editor .elementor-drop-cap-letter{display:inline-block}<\/style>\t\t\t\t<p>\u201cBoa noite, esta \u00e9 sua paciente Sra. Concei\u00e7\u00e3o Mendoza, 77 anos, est\u00e1 aqui para admiss\u00e3o no quarto 8B\u201d<\/p><p>\u201cO paciente est\u00e1 se queixando de falta de ar, piorando aos esfor\u00e7os. Sua satura\u00e7\u00e3o de oxig\u00eanio era de 87% em ar ambiente, mas agora est\u00e1 em at\u00e9 94% ap\u00f3s receber oxig\u00eanio a 2L CN. Sua respira\u00e7\u00e3o \u00e9 26, o pulso \u00e9 92, a PA \u00e9 95\/64 e a temperatura \u00e9 36,3\u00b0C. Ela tem tosse com muco. Ela relata dor no peito ao tossir e fadiga significativa.\u201d<\/p><p>&#8220;Sra. Concei\u00e7\u00e3o Mendoza \u00e9 uma mulher de 77 anos que foi admitida com o diagn\u00f3stico respirat\u00f3rio \u00e0 esclarecer. Recebeu prescri\u00e7\u00e3o de antibi\u00f3ticos, broncodilatador a cada 6 horas, corticoide oral, oximetria e oxig\u00eanio suplementar para satura\u00e7\u00e3o de oxig\u00eanio menor que 92% e um AVP n\u00ba 22 para infus\u00e3o cont\u00ednua de cristal\u00f3ides&#8221;. J\u00e1 realizou Raio X e aguardo o resultado.<\/p><p>Seu exame f\u00edsico de admiss\u00e3o mostra que Sra. Mendoza tem hist\u00f3rico de queda, usa bengala para se locomover (anda frequentemente) e no momento est\u00e1 bastante desidratada. Ela n\u00e3o apresenta nenhum problema sensorial, de umidade corporal e nutri\u00e7\u00e3o. Sra Mendoza \u00e9 ativa no leito e n\u00e3o precisa de aux\u00edlio para mobilidade no leito.<\/p>\t\t\t\t\t\t<\/div>\n\t\t\t\t<\/div>\n\t\t\t\t<div class=\"elementor-element elementor-element-369ae9b elementor-widget elementor-widget-shortcode\" data-id=\"369ae9b\" data-element_type=\"widget\" data-widget_type=\"shortcode.default\">\n\t\t\t\t<div class=\"elementor-widget-container\">\n\t\t\t\t\t<div class=\"elementor-shortcode\"><div class=\"forminator-ui forminator-custom-form forminator-custom-form-858 forminator-design--default  forminator_ajax\" data-forminator-render=\"0\" data-form=\"forminator-module-858\" data-uid=\"69fe8172e7aab\"><br\/><\/div><form\n\t\t\t\tid=\"forminator-module-858\"\n\t\t\t\tclass=\"forminator-ui forminator-custom-form forminator-custom-form-858 forminator-design--default  forminator_ajax\"\n\t\t\t\tmethod=\"post\"\n\t\t\t\tdata-forminator-render=\"0\"\n\t\t\t\tdata-form-id=\"858\"\n\t\t\t\t\n\t\t\t\tdata-design=\"default\"\n\t\t\t\t\n\t\t\t\t\n\t\t\t\t\n\t\t\t\tdata-grid=\"open\"\n\t\t\t\t\n\t\t\t\t\n\t\t\t\tstyle=\"display: none;\"\n\t\t\t\t\n\t\t\t\tdata-uid=\"69fe8172e7aab\"\n\t\t\t><div class=\"forminator-response-message forminator-error\" aria-hidden=\"true\"><\/div><div class=\"forminator-row\"><div id=\"text-1\" class=\"forminator-col forminator-col-12 \"><div class=\"forminator-field\"><label for=\"forminator-field-text-1_69fe8172e7aab\" class=\"forminator-label\">Qual o principal risco voc\u00ea mapeou durante sua admiss\u00e3o? <span class=\"forminator-required\">*<\/span><\/label><input type=\"text\" name=\"text-1\" value=\"\" placeholder=\"E.x espa\u00e7o reservado para texto\" id=\"forminator-field-text-1_69fe8172e7aab\" class=\"forminator-input forminator-name--field\" data-required=\"1\" \/><\/div><\/div><\/div><div class=\"forminator-row\"><div id=\"html-1\" class=\"forminator-col forminator-col-12 \"><div class=\"forminator-field forminator-merge-tags\" data-field=\"html-1\"><p><a href=\"http:\/\/cebras.unb.br\/index.php\/tela6-2\/\">CLIQUE AQUI<\/a><\/p><\/div><\/div><\/div><input type=\"hidden\" name=\"referer_url\" value=\"\" \/><div class=\"forminator-row forminator-row-last\"><div class=\"forminator-col\"><div class=\"forminator-field\"><button class=\"forminator-button forminator-button-submit\">Enviar mensagem<\/button><\/div><\/div><\/div><input type=\"hidden\" id=\"forminator_nonce\" name=\"forminator_nonce\" value=\"e688cf6a86\" \/><input type=\"hidden\" name=\"_wp_http_referer\" value=\"\/index.php\/wp-json\/wp\/v2\/pages\/816\" \/><input type=\"hidden\" name=\"form_id\" value=\"858\"><input type=\"hidden\" name=\"page_id\" value=\"816\"><input type=\"hidden\" name=\"form_type\" value=\"default\"><input type=\"hidden\" name=\"current_url\" value=\"https:\/\/cebras.unb.br\/index.php\/tela5-2\/\"><input type=\"hidden\" name=\"render_id\" value=\"0\"><input type=\"hidden\" name=\"action\" value=\"forminator_submit_form_custom-forms\"><\/form><\/div>\n\t\t\t\t<\/div>\n\t\t\t\t<\/div>\n\t\t\t\t\t<\/div>\n\t\t<\/div>\n\t\t\t\t\t\t\t<\/div>\n\t\t<\/section>\n\t\t\t\t\t\t\t<\/div>\n\t\t","protected":false},"excerpt":{"rendered":"<p>na cl\u00ednica m\u00e9dica \u201cBoa noite, esta \u00e9 sua paciente Sra. Concei\u00e7\u00e3o Mendoza, 77 anos, est\u00e1 aqui para admiss\u00e3o no quarto 8B\u201d \u201cO paciente est\u00e1 se queixando de falta de ar, piorando aos esfor\u00e7os. Sua satura\u00e7\u00e3o de oxig\u00eanio era de 87% em ar ambiente, mas agora est\u00e1 em at\u00e9 94% ap\u00f3s receber oxig\u00eanio a 2L CN. Sua respira\u00e7\u00e3o \u00e9 26, o pulso \u00e9 92, a PA \u00e9 95\/64 e a temperatura \u00e9 36,3\u00b0C. Ela tem tosse com muco. Ela relata dor no peito ao tossir e fadiga significativa.\u201d &#8220;Sra. Concei\u00e7\u00e3o Mendoza \u00e9 uma mulher de 77 anos que foi admitida com o diagn\u00f3stico respirat\u00f3rio \u00e0 esclarecer. Recebeu prescri\u00e7\u00e3o de antibi\u00f3ticos, broncodilatador a cada 6 horas, corticoide oral, oximetria e oxig\u00eanio suplementar para satura\u00e7\u00e3o de oxig\u00eanio menor que 92% e um AVP n\u00ba 22 para infus\u00e3o cont\u00ednua de cristal\u00f3ides&#8221;. J\u00e1 realizou Raio X e aguardo o resultado. Seu exame f\u00edsico de admiss\u00e3o&hellip;<\/p>\n<p> <a class=\"more-link\" href=\"https:\/\/cebras.unb.br\/index.php\/tela5-2\/\">Leia mais<\/a><\/p>\n","protected":false},"author":1,"featured_media":0,"parent":0,"menu_order":0,"comment_status":"closed","ping_status":"closed","template":"elementor_header_footer","meta":{"footnotes":""},"_links":{"self":[{"href":"https:\/\/cebras.unb.br\/index.php\/wp-json\/wp\/v2\/pages\/816"}],"collection":[{"href":"https:\/\/cebras.unb.br\/index.php\/wp-json\/wp\/v2\/pages"}],"about":[{"href":"https:\/\/cebras.unb.br\/index.php\/wp-json\/wp\/v2\/types\/page"}],"author":[{"embeddable":true,"href":"https:\/\/cebras.unb.br\/index.php\/wp-json\/wp\/v2\/users\/1"}],"replies":[{"embeddable":true,"href":"https:\/\/cebras.unb.br\/index.php\/wp-json\/wp\/v2\/comments?post=816"}],"version-history":[{"count":12,"href":"https:\/\/cebras.unb.br\/index.php\/wp-json\/wp\/v2\/pages\/816\/revisions"}],"predecessor-version":[{"id":973,"href":"https:\/\/cebras.unb.br\/index.php\/wp-json\/wp\/v2\/pages\/816\/revisions\/973"}],"wp:attachment":[{"href":"https:\/\/cebras.unb.br\/index.php\/wp-json\/wp\/v2\/media?parent=816"}],"curies":[{"name":"wp","href":"https:\/\/api.w.org\/{rel}","templated":true}]}}