{"id":763,"date":"2023-03-10T00:00:01","date_gmt":"2023-03-10T03:00:01","guid":{"rendered":"http:\/\/cebras.unb.br\/?page_id=763"},"modified":"2023-03-14T09:35:46","modified_gmt":"2023-03-14T12:35:46","slug":"tela15","status":"publish","type":"page","link":"https:\/\/cebras.unb.br\/index.php\/tela15\/","title":{"rendered":"tela15"},"content":{"rendered":"\t\t<div data-elementor-type=\"wp-page\" data-elementor-id=\"763\" class=\"elementor elementor-763\">\n\t\t\t\t\t\t\t\t\t<section class=\"elementor-section elementor-top-section elementor-element elementor-element-ce7c186 elementor-section-boxed elementor-section-height-default elementor-section-height-default\" data-id=\"ce7c186\" data-element_type=\"section\">\n\t\t\t\t\t\t<div class=\"elementor-container elementor-column-gap-default\">\n\t\t\t\t\t<div class=\"elementor-column elementor-col-100 elementor-top-column elementor-element elementor-element-fc6c554\" data-id=\"fc6c554\" data-element_type=\"column\">\n\t\t\t<div class=\"elementor-widget-wrap elementor-element-populated\">\n\t\t\t\t\t\t\t\t<div class=\"elementor-element elementor-element-cbe1fb3 elementor-widget elementor-widget-shortcode\" data-id=\"cbe1fb3\" data-element_type=\"widget\" data-widget_type=\"shortcode.default\">\n\t\t\t\t<div class=\"elementor-widget-container\">\n\t\t\t\t\t<div class=\"elementor-shortcode\"><div class=\"a24ebebed41da65d79a36b416074eb3d0\" style=\"display:none; color:#000000;\" icp-expire=\"0:00:30:00\" icp-type=\"DATE\" icp-redirect=\"esgotado\" icp-id=\"1\" icp-restart=\"0\"  icp-eg=\"1\" icp-expiration=\"1679339100\">\t\t<div class=\"a34dba25fd2bec2c243ce34817eb96960\">\n\t\t\t<div class=\"a01f2a80c72e2d06514c3a391d942a913\" style=\"font-size: 50px;\">0<\/div>\n\t\t\t<div class=\"a8b9cdd134736e90dbf19c57c734e5b3f\" style=\"font-size: 15px;\" icp-labels=\"days,day\">LBL<\/div>\n\t\t<\/div>\n\t\t\t\t<div class=\"ae3f9c15572dc68259125bbef6173749d\">\n\t\t\t<div class=\"a01f2a80c72e2d06514c3a391d942a913\" style=\"font-size: 50px;\">:<\/div>\n\t\t\t<div><\/div>\n\t\t<\/div>\n\t\t\t\t<div class=\"a34dba25fd2bec2c243ce34817eb96960\">\n\t\t\t<div class=\"a01f2a80c72e2d06514c3a391d942a913\" style=\"font-size: 50px;\">0<\/div>\n\t\t\t<div class=\"a8b9cdd134736e90dbf19c57c734e5b3f\" style=\"font-size: 15px;\" icp-labels=\"horas,hora\">LBL<\/div>\n\t\t<\/div>\n\t\t\t\t<div class=\"ae3f9c15572dc68259125bbef6173749d\">\n\t\t\t<div class=\"a01f2a80c72e2d06514c3a391d942a913\" style=\"font-size: 50px;\">:<\/div>\n\t\t\t<div><\/div>\n\t\t<\/div>\n\t\t\t\t<div class=\"a34dba25fd2bec2c243ce34817eb96960\">\n\t\t\t<div class=\"a01f2a80c72e2d06514c3a391d942a913\" style=\"font-size: 50px;\">0<\/div>\n\t\t\t<div class=\"a8b9cdd134736e90dbf19c57c734e5b3f\" style=\"font-size: 15px;\" icp-labels=\"minutos,minuto\">LBL<\/div>\n\t\t<\/div>\n\t\t\t\t<div class=\"ae3f9c15572dc68259125bbef6173749d\">\n\t\t\t<div class=\"a01f2a80c72e2d06514c3a391d942a913\" style=\"font-size: 50px;\">:<\/div>\n\t\t\t<div><\/div>\n\t\t<\/div>\n\t\t\t\t<div class=\"a34dba25fd2bec2c243ce34817eb96960\">\n\t\t\t<div class=\"a01f2a80c72e2d06514c3a391d942a913\" style=\"font-size: 50px;\">0<\/div>\n\t\t\t<div class=\"a8b9cdd134736e90dbf19c57c734e5b3f\" style=\"font-size: 15px;\" icp-labels=\"segundos,segundo\">LBL<\/div>\n\t\t<\/div>\n\t\t<\/div>\n<\/div>\n\t\t\t\t<\/div>\n\t\t\t\t<\/div>\n\t\t\t\t\t<\/div>\n\t\t<\/div>\n\t\t\t\t\t\t\t<\/div>\n\t\t<\/section>\n\t\t\t\t<section class=\"elementor-section elementor-top-section elementor-element elementor-element-1cca41f elementor-section-boxed elementor-section-height-default elementor-section-height-default\" data-id=\"1cca41f\" data-element_type=\"section\">\n\t\t\t\t\t\t<div class=\"elementor-container elementor-column-gap-default\">\n\t\t\t\t\t<div class=\"elementor-column elementor-col-33 elementor-top-column elementor-element elementor-element-895d90e\" data-id=\"895d90e\" data-element_type=\"column\">\n\t\t\t<div class=\"elementor-widget-wrap elementor-element-populated\">\n\t\t\t\t\t\t\t\t<div class=\"elementor-element elementor-element-c574786 elementor-widget elementor-widget-image\" data-id=\"c574786\" data-element_type=\"widget\" data-widget_type=\"image.default\">\n\t\t\t\t<div class=\"elementor-widget-container\">\n\t\t\t<style>\/*! elementor - v3.8.1 - 13-11-2022 *\/\n.elementor-widget-image{text-align:center}.elementor-widget-image a{display:inline-block}.elementor-widget-image a img[src$=\".svg\"]{width:48px}.elementor-widget-image img{vertical-align:middle;display:inline-block}<\/style>\t\t\t\t\t\t\t\t\t\t\t\t<img loading=\"lazy\" decoding=\"async\" width=\"150\" height=\"121\" src=\"https:\/\/cebras.unb.br\/wp-content\/uploads\/2023\/03\/ESCS-e1663176531650-191x154-1.png\" class=\"attachment-thumbnail size-thumbnail\" alt=\"\" \/>\t\t\t\t\t\t\t\t\t\t\t\t\t\t\t<\/div>\n\t\t\t\t<\/div>\n\t\t\t\t\t<\/div>\n\t\t<\/div>\n\t\t\t\t<div class=\"elementor-column elementor-col-33 elementor-top-column elementor-element elementor-element-799dfe0\" data-id=\"799dfe0\" data-element_type=\"column\">\n\t\t\t<div class=\"elementor-widget-wrap elementor-element-populated\">\n\t\t\t\t\t\t\t\t<div class=\"elementor-element elementor-element-2066071 elementor-widget elementor-widget-heading\" data-id=\"2066071\" data-element_type=\"widget\" data-widget_type=\"heading.default\">\n\t\t\t\t<div class=\"elementor-widget-container\">\n\t\t\t<style>\/*! elementor - v3.8.1 - 13-11-2022 *\/\n.elementor-heading-title{padding:0;margin:0;line-height:1}.elementor-widget-heading .elementor-heading-title[class*=elementor-size-]>a{color:inherit;font-size:inherit;line-height:inherit}.elementor-widget-heading .elementor-heading-title.elementor-size-small{font-size:15px}.elementor-widget-heading .elementor-heading-title.elementor-size-medium{font-size:19px}.elementor-widget-heading .elementor-heading-title.elementor-size-large{font-size:29px}.elementor-widget-heading .elementor-heading-title.elementor-size-xl{font-size:39px}.elementor-widget-heading .elementor-heading-title.elementor-size-xxl{font-size:59px}<\/style><h1 class=\"elementor-heading-title elementor-size-default\"><span class=\"S1PPyQ\" style=\"color: rgb(69, 70, 153);\">3\u00ba Choque<\/span><\/h1>\t\t<\/div>\n\t\t\t\t<\/div>\n\t\t\t\t\t<\/div>\n\t\t<\/div>\n\t\t\t\t<div class=\"elementor-column elementor-col-33 elementor-top-column elementor-element elementor-element-bff32d4\" data-id=\"bff32d4\" data-element_type=\"column\">\n\t\t\t<div class=\"elementor-widget-wrap elementor-element-populated\">\n\t\t\t\t\t\t\t\t<div class=\"elementor-element elementor-element-b95d50d elementor-widget elementor-widget-image\" data-id=\"b95d50d\" data-element_type=\"widget\" data-widget_type=\"image.default\">\n\t\t\t\t<div class=\"elementor-widget-container\">\n\t\t\t\t\t\t\t\t\t\t\t\t\t\t\t<img loading=\"lazy\" decoding=\"async\" width=\"150\" height=\"138\" src=\"https:\/\/cebras.unb.br\/wp-content\/uploads\/2022\/12\/admin-ajax.png\" class=\"attachment-thumbnail size-thumbnail\" alt=\"\" \/>\t\t\t\t\t\t\t\t\t\t\t\t\t\t\t<\/div>\n\t\t\t\t<\/div>\n\t\t\t\t\t<\/div>\n\t\t<\/div>\n\t\t\t\t\t\t\t<\/div>\n\t\t<\/section>\n\t\t\t\t<section class=\"elementor-section elementor-top-section elementor-element elementor-element-2cf9ae4 elementor-section-boxed elementor-section-height-default elementor-section-height-default\" data-id=\"2cf9ae4\" data-element_type=\"section\">\n\t\t\t\t\t\t<div class=\"elementor-container elementor-column-gap-default\">\n\t\t\t\t\t<div class=\"elementor-column elementor-col-50 elementor-top-column elementor-element elementor-element-a09066a\" data-id=\"a09066a\" data-element_type=\"column\">\n\t\t\t<div class=\"elementor-widget-wrap elementor-element-populated\">\n\t\t\t\t\t\t\t\t<div class=\"elementor-element elementor-element-4be375b elementor-aspect-ratio-169 elementor-widget elementor-widget-video\" data-id=\"4be375b\" data-element_type=\"widget\" data-settings=\"{&quot;video_type&quot;:&quot;hosted&quot;,&quot;autoplay&quot;:&quot;yes&quot;,&quot;play_on_mobile&quot;:&quot;yes&quot;,&quot;mute&quot;:&quot;yes&quot;,&quot;loop&quot;:&quot;yes&quot;,&quot;aspect_ratio&quot;:&quot;169&quot;}\" data-widget_type=\"video.default\">\n\t\t\t\t<div class=\"elementor-widget-container\">\n\t\t\t<style>\/*! elementor - v3.8.1 - 13-11-2022 *\/\n.elementor-widget-video .elementor-widget-container{overflow:hidden;-webkit-transform:translateZ(0);transform:translateZ(0)}.elementor-widget-video .elementor-open-inline .elementor-custom-embed-image-overlay{position:absolute;top:0;left:0;width:100%;height:100%;background-size:cover;background-position:50%}.elementor-widget-video .elementor-custom-embed-image-overlay{cursor:pointer;text-align:center}.elementor-widget-video .elementor-custom-embed-image-overlay:hover .elementor-custom-embed-play i{opacity:1}.elementor-widget-video .elementor-custom-embed-image-overlay img{display:block;width:100%}.elementor-widget-video .e-hosted-video .elementor-video{-o-object-fit:cover;object-fit:cover}.e-con-inner>.elementor-widget-video,.e-con>.elementor-widget-video{width:var(--container-widget-width,100%)}<\/style>\t\t<div class=\"e-hosted-video elementor-wrapper elementor-fit-aspect-ratio elementor-open-inline\">\n\t\t\t\t\t<video class=\"elementor-video\" src=\"http:\/\/cebras.unb.br\/wp-content\/uploads\/2023\/03\/Untitled-2.mp4\" autoplay=\"\" loop=\"\" muted=\"muted\" playsinline=\"\" controlsList=\"nodownload\"><\/video>\n\t\t\t\t<\/div>\n\t\t\t\t<\/div>\n\t\t\t\t<\/div>\n\t\t\t\t\t<\/div>\n\t\t<\/div>\n\t\t\t\t<div class=\"elementor-column elementor-col-50 elementor-top-column elementor-element elementor-element-3047474\" data-id=\"3047474\" data-element_type=\"column\">\n\t\t\t<div class=\"elementor-widget-wrap elementor-element-populated\">\n\t\t\t\t\t\t\t\t<div class=\"elementor-element elementor-element-19e995c elementor-widget elementor-widget-text-editor\" data-id=\"19e995c\" data-element_type=\"widget\" data-widget_type=\"text-editor.default\">\n\t\t\t\t<div class=\"elementor-widget-container\">\n\t\t\t<style>\/*! elementor - v3.8.1 - 13-11-2022 *\/\n.elementor-widget-text-editor.elementor-drop-cap-view-stacked .elementor-drop-cap{background-color:#818a91;color:#fff}.elementor-widget-text-editor.elementor-drop-cap-view-framed .elementor-drop-cap{color:#818a91;border:3px solid;background-color:transparent}.elementor-widget-text-editor:not(.elementor-drop-cap-view-default) .elementor-drop-cap{margin-top:8px}.elementor-widget-text-editor:not(.elementor-drop-cap-view-default) .elementor-drop-cap-letter{width:1em;height:1em}.elementor-widget-text-editor .elementor-drop-cap{float:left;text-align:center;line-height:1;font-size:50px}.elementor-widget-text-editor .elementor-drop-cap-letter{display:inline-block}<\/style>\t\t\t\t<p>Sra. Mendoza recebeu o 3\u00ba Choque, por\u00e9m agora parece esbo\u00e7ar alguma rea\u00e7\u00e3o de melhora.<\/p>\t\t\t\t\t\t<\/div>\n\t\t\t\t<\/div>\n\t\t\t\t<div class=\"elementor-element elementor-element-2464247 elementor-widget elementor-widget-shortcode\" data-id=\"2464247\" data-element_type=\"widget\" data-widget_type=\"shortcode.default\">\n\t\t\t\t<div class=\"elementor-widget-container\">\n\t\t\t\t\t<div class=\"elementor-shortcode\"><div class=\"forminator-ui forminator-custom-form forminator-custom-form-774 forminator-design--default  forminator_ajax\" data-forminator-render=\"0\" data-form=\"forminator-module-774\" data-uid=\"6a0586f8ee59d\"><br\/><\/div><form\n\t\t\t\tid=\"forminator-module-774\"\n\t\t\t\tclass=\"forminator-ui forminator-custom-form forminator-custom-form-774 forminator-design--default  forminator_ajax\"\n\t\t\t\tmethod=\"post\"\n\t\t\t\tdata-forminator-render=\"0\"\n\t\t\t\tdata-form-id=\"774\"\n\t\t\t\t\n\t\t\t\tdata-design=\"default\"\n\t\t\t\t\n\t\t\t\t\n\t\t\t\t\n\t\t\t\tdata-grid=\"open\"\n\t\t\t\t\n\t\t\t\t\n\t\t\t\tstyle=\"display: none;\"\n\t\t\t\t\n\t\t\t\tdata-uid=\"6a0586f8ee59d\"\n\t\t\t><div class=\"forminator-response-message forminator-error\" aria-hidden=\"true\"><\/div><div class=\"forminator-row\"><div id=\"text-1\" class=\"forminator-col forminator-col-12 \"><div class=\"forminator-field\"><label for=\"forminator-field-text-1_6a0586f8ee59d\" class=\"forminator-label\">Pode ser feita uma nova medica\u00e7\u00e3o? <span class=\"forminator-required\">*<\/span><\/label><input type=\"text\" name=\"text-1\" value=\"\" placeholder=\"E.x espa\u00e7o reservado para texto\" id=\"forminator-field-text-1_6a0586f8ee59d\" class=\"forminator-input forminator-name--field\" data-required=\"1\" \/><\/div><\/div><\/div><div class=\"forminator-row\"><div id=\"text-2\" class=\"forminator-col forminator-col-12 \"><div class=\"forminator-field\"><label for=\"forminator-field-text-2_6a0586f8ee59d\" class=\"forminator-label\">E qual \u00e9 ela? <span class=\"forminator-required\">*<\/span><\/label><input type=\"text\" name=\"text-2\" value=\"\" placeholder=\"E.x espa\u00e7o reservado para texto\" id=\"forminator-field-text-2_6a0586f8ee59d\" class=\"forminator-input forminator-name--field\" data-required=\"1\" \/><\/div><\/div><\/div><div class=\"forminator-row\"><div id=\"html-1\" class=\"forminator-col forminator-col-12 \"><div class=\"forminator-field forminator-merge-tags\" data-field=\"html-1\"><p><a href=\"http:\/\/cebras.unb.br\/index.php\/tela16\/\">CLIQUE AQUI<\/a><\/p><\/div><\/div><\/div><input type=\"hidden\" name=\"referer_url\" value=\"\" \/><div class=\"forminator-row forminator-row-last\"><div class=\"forminator-col\"><div class=\"forminator-field\"><button class=\"forminator-button forminator-button-submit\">Enviar mensagem<\/button><\/div><\/div><\/div><input type=\"hidden\" id=\"forminator_nonce\" name=\"forminator_nonce\" value=\"77561f5693\" \/><input type=\"hidden\" name=\"_wp_http_referer\" value=\"\/index.php\/wp-json\/wp\/v2\/pages\/763\" \/><input type=\"hidden\" name=\"form_id\" value=\"774\"><input type=\"hidden\" name=\"page_id\" value=\"763\"><input type=\"hidden\" name=\"form_type\" value=\"default\"><input type=\"hidden\" name=\"current_url\" value=\"https:\/\/cebras.unb.br\/index.php\/tela15\/\"><input type=\"hidden\" name=\"render_id\" value=\"0\"><input type=\"hidden\" name=\"action\" value=\"forminator_submit_form_custom-forms\"><\/form><\/div>\n\t\t\t\t<\/div>\n\t\t\t\t<\/div>\n\t\t\t\t\t<\/div>\n\t\t<\/div>\n\t\t\t\t\t\t\t<\/div>\n\t\t<\/section>\n\t\t\t\t\t\t\t<\/div>\n\t\t","protected":false},"excerpt":{"rendered":"<p>3\u00ba Choque http:\/\/cebras.unb.br\/wp-content\/uploads\/2023\/03\/Untitled-2.mp4 Sra. Mendoza recebeu o 3\u00ba Choque, por\u00e9m agora parece esbo\u00e7ar alguma rea\u00e7\u00e3o de melhora.<\/p>\n","protected":false},"author":1,"featured_media":0,"parent":0,"menu_order":0,"comment_status":"closed","ping_status":"closed","template":"elementor_header_footer","meta":{"footnotes":""},"_links":{"self":[{"href":"https:\/\/cebras.unb.br\/index.php\/wp-json\/wp\/v2\/pages\/763"}],"collection":[{"href":"https:\/\/cebras.unb.br\/index.php\/wp-json\/wp\/v2\/pages"}],"about":[{"href":"https:\/\/cebras.unb.br\/index.php\/wp-json\/wp\/v2\/types\/page"}],"author":[{"embeddable":true,"href":"https:\/\/cebras.unb.br\/index.php\/wp-json\/wp\/v2\/users\/1"}],"replies":[{"embeddable":true,"href":"https:\/\/cebras.unb.br\/index.php\/wp-json\/wp\/v2\/comments?post=763"}],"version-history":[{"count":10,"href":"https:\/\/cebras.unb.br\/index.php\/wp-json\/wp\/v2\/pages\/763\/revisions"}],"predecessor-version":[{"id":1030,"href":"https:\/\/cebras.unb.br\/index.php\/wp-json\/wp\/v2\/pages\/763\/revisions\/1030"}],"wp:attachment":[{"href":"https:\/\/cebras.unb.br\/index.php\/wp-json\/wp\/v2\/media?parent=763"}],"curies":[{"name":"wp","href":"https:\/\/api.w.org\/{rel}","templated":true}]}}