{"id":665,"date":"2023-03-09T22:10:48","date_gmt":"2023-03-10T01:10:48","guid":{"rendered":"http:\/\/cebras.unb.br\/?page_id=665"},"modified":"2023-03-14T09:25:52","modified_gmt":"2023-03-14T12:25:52","slug":"tela6","status":"publish","type":"page","link":"https:\/\/cebras.unb.br\/index.php\/tela6\/","title":{"rendered":"tela6"},"content":{"rendered":"\t\t<div data-elementor-type=\"wp-page\" data-elementor-id=\"665\" class=\"elementor elementor-665\">\n\t\t\t\t\t\t\t\t\t<section class=\"elementor-section elementor-top-section elementor-element elementor-element-a85b9a2 elementor-section-boxed elementor-section-height-default elementor-section-height-default\" data-id=\"a85b9a2\" data-element_type=\"section\">\n\t\t\t\t\t\t<div class=\"elementor-container elementor-column-gap-default\">\n\t\t\t\t\t<div class=\"elementor-column elementor-col-100 elementor-top-column elementor-element elementor-element-46b2db2\" data-id=\"46b2db2\" data-element_type=\"column\">\n\t\t\t<div class=\"elementor-widget-wrap elementor-element-populated\">\n\t\t\t\t\t\t\t\t<div class=\"elementor-element elementor-element-2a58247 elementor-widget elementor-widget-shortcode\" data-id=\"2a58247\" data-element_type=\"widget\" data-widget_type=\"shortcode.default\">\n\t\t\t\t<div class=\"elementor-widget-container\">\n\t\t\t\t\t<div class=\"elementor-shortcode\"><div class=\"a92f80790fc74820d37324653d5df2ed6\" style=\"display:none; color:#000000;\" icp-expire=\"0:00:30:00\" icp-type=\"DATE\" icp-redirect=\"esgotado\" icp-id=\"1\" icp-restart=\"0\"  icp-eg=\"1\" icp-expiration=\"1679339100\">\t\t<div class=\"aab472501586a3269484b69b37000ab0a\">\n\t\t\t<div class=\"a3140e2918ba51927e32da812b623927e\" style=\"font-size: 50px;\">0<\/div>\n\t\t\t<div class=\"a6334626d824a278eda5fb04349bbbc5f\" style=\"font-size: 15px;\" icp-labels=\"days,day\">LBL<\/div>\n\t\t<\/div>\n\t\t\t\t<div class=\"ab242ace08c8e4aa5c17c6876a0aa8556\">\n\t\t\t<div class=\"a3140e2918ba51927e32da812b623927e\" style=\"font-size: 50px;\">:<\/div>\n\t\t\t<div><\/div>\n\t\t<\/div>\n\t\t\t\t<div class=\"aab472501586a3269484b69b37000ab0a\">\n\t\t\t<div class=\"a3140e2918ba51927e32da812b623927e\" style=\"font-size: 50px;\">0<\/div>\n\t\t\t<div class=\"a6334626d824a278eda5fb04349bbbc5f\" style=\"font-size: 15px;\" icp-labels=\"horas,hora\">LBL<\/div>\n\t\t<\/div>\n\t\t\t\t<div class=\"ab242ace08c8e4aa5c17c6876a0aa8556\">\n\t\t\t<div class=\"a3140e2918ba51927e32da812b623927e\" style=\"font-size: 50px;\">:<\/div>\n\t\t\t<div><\/div>\n\t\t<\/div>\n\t\t\t\t<div class=\"aab472501586a3269484b69b37000ab0a\">\n\t\t\t<div class=\"a3140e2918ba51927e32da812b623927e\" style=\"font-size: 50px;\">0<\/div>\n\t\t\t<div class=\"a6334626d824a278eda5fb04349bbbc5f\" style=\"font-size: 15px;\" icp-labels=\"minutos,minuto\">LBL<\/div>\n\t\t<\/div>\n\t\t\t\t<div class=\"ab242ace08c8e4aa5c17c6876a0aa8556\">\n\t\t\t<div class=\"a3140e2918ba51927e32da812b623927e\" style=\"font-size: 50px;\">:<\/div>\n\t\t\t<div><\/div>\n\t\t<\/div>\n\t\t\t\t<div class=\"aab472501586a3269484b69b37000ab0a\">\n\t\t\t<div class=\"a3140e2918ba51927e32da812b623927e\" style=\"font-size: 50px;\">0<\/div>\n\t\t\t<div class=\"a6334626d824a278eda5fb04349bbbc5f\" style=\"font-size: 15px;\" icp-labels=\"segundos,segundo\">LBL<\/div>\n\t\t<\/div>\n\t\t<\/div>\n<\/div>\n\t\t\t\t<\/div>\n\t\t\t\t<\/div>\n\t\t\t\t\t<\/div>\n\t\t<\/div>\n\t\t\t\t\t\t\t<\/div>\n\t\t<\/section>\n\t\t\t\t<section class=\"elementor-section elementor-top-section elementor-element elementor-element-ca69cd5 elementor-section-boxed elementor-section-height-default elementor-section-height-default\" data-id=\"ca69cd5\" data-element_type=\"section\">\n\t\t\t\t\t\t<div class=\"elementor-container elementor-column-gap-default\">\n\t\t\t\t\t<div class=\"elementor-column elementor-col-33 elementor-top-column elementor-element elementor-element-c54d94f\" data-id=\"c54d94f\" data-element_type=\"column\">\n\t\t\t<div class=\"elementor-widget-wrap elementor-element-populated\">\n\t\t\t\t\t\t\t\t<div class=\"elementor-element elementor-element-c309bb4 elementor-widget elementor-widget-image\" data-id=\"c309bb4\" data-element_type=\"widget\" data-widget_type=\"image.default\">\n\t\t\t\t<div class=\"elementor-widget-container\">\n\t\t\t<style>\/*! elementor - v3.8.1 - 13-11-2022 *\/\n.elementor-widget-image{text-align:center}.elementor-widget-image a{display:inline-block}.elementor-widget-image a img[src$=\".svg\"]{width:48px}.elementor-widget-image img{vertical-align:middle;display:inline-block}<\/style>\t\t\t\t\t\t\t\t\t\t\t\t<img loading=\"lazy\" decoding=\"async\" width=\"150\" height=\"121\" src=\"https:\/\/cebras.unb.br\/wp-content\/uploads\/2023\/03\/ESCS-e1663176531650-191x154-1.png\" class=\"attachment-thumbnail size-thumbnail\" alt=\"\" \/>\t\t\t\t\t\t\t\t\t\t\t\t\t\t\t<\/div>\n\t\t\t\t<\/div>\n\t\t\t\t\t<\/div>\n\t\t<\/div>\n\t\t\t\t<div class=\"elementor-column elementor-col-33 elementor-top-column elementor-element elementor-element-e158020\" data-id=\"e158020\" data-element_type=\"column\">\n\t\t\t<div class=\"elementor-widget-wrap elementor-element-populated\">\n\t\t\t\t\t\t\t\t<div class=\"elementor-element elementor-element-ba2c341 elementor-widget elementor-widget-heading\" data-id=\"ba2c341\" data-element_type=\"widget\" data-widget_type=\"heading.default\">\n\t\t\t\t<div class=\"elementor-widget-container\">\n\t\t\t<style>\/*! elementor - v3.8.1 - 13-11-2022 *\/\n.elementor-heading-title{padding:0;margin:0;line-height:1}.elementor-widget-heading .elementor-heading-title[class*=elementor-size-]>a{color:inherit;font-size:inherit;line-height:inherit}.elementor-widget-heading .elementor-heading-title.elementor-size-small{font-size:15px}.elementor-widget-heading .elementor-heading-title.elementor-size-medium{font-size:19px}.elementor-widget-heading .elementor-heading-title.elementor-size-large{font-size:29px}.elementor-widget-heading .elementor-heading-title.elementor-size-xl{font-size:39px}.elementor-widget-heading .elementor-heading-title.elementor-size-xxl{font-size:59px}<\/style><h1 class=\"elementor-heading-title elementor-size-default\">NA CL\u00cdNICA M\u00c9DICA<\/h1>\t\t<\/div>\n\t\t\t\t<\/div>\n\t\t\t\t\t<\/div>\n\t\t<\/div>\n\t\t\t\t<div class=\"elementor-column elementor-col-33 elementor-top-column elementor-element elementor-element-ebfc151\" data-id=\"ebfc151\" data-element_type=\"column\">\n\t\t\t<div class=\"elementor-widget-wrap elementor-element-populated\">\n\t\t\t\t\t\t\t\t<div class=\"elementor-element elementor-element-5888f0e elementor-widget elementor-widget-image\" data-id=\"5888f0e\" data-element_type=\"widget\" data-widget_type=\"image.default\">\n\t\t\t\t<div class=\"elementor-widget-container\">\n\t\t\t\t\t\t\t\t\t\t\t\t\t\t\t<img loading=\"lazy\" decoding=\"async\" width=\"150\" height=\"138\" src=\"https:\/\/cebras.unb.br\/wp-content\/uploads\/2022\/12\/admin-ajax.png\" class=\"attachment-thumbnail size-thumbnail\" alt=\"\" \/>\t\t\t\t\t\t\t\t\t\t\t\t\t\t\t<\/div>\n\t\t\t\t<\/div>\n\t\t\t\t\t<\/div>\n\t\t<\/div>\n\t\t\t\t\t\t\t<\/div>\n\t\t<\/section>\n\t\t\t\t<section class=\"elementor-section elementor-top-section elementor-element elementor-element-010fde2 elementor-section-boxed elementor-section-height-default elementor-section-height-default\" data-id=\"010fde2\" data-element_type=\"section\">\n\t\t\t\t\t\t<div class=\"elementor-container elementor-column-gap-default\">\n\t\t\t\t\t<div class=\"elementor-column elementor-col-33 elementor-top-column elementor-element elementor-element-6959b62\" data-id=\"6959b62\" data-element_type=\"column\">\n\t\t\t<div class=\"elementor-widget-wrap elementor-element-populated\">\n\t\t\t\t\t\t\t\t<div class=\"elementor-element elementor-element-cb2a097 elementor-widget elementor-widget-image\" data-id=\"cb2a097\" data-element_type=\"widget\" data-widget_type=\"image.default\">\n\t\t\t\t<div class=\"elementor-widget-container\">\n\t\t\t\t\t\t\t\t\t\t\t\t\t\t\t<img loading=\"lazy\" decoding=\"async\" width=\"577\" height=\"507\" src=\"https:\/\/cebras.unb.br\/wp-content\/uploads\/2023\/03\/Captura-de-tela-2023-03-09-220746.png\" class=\"attachment-full size-full\" alt=\"\" \/>\t\t\t\t\t\t\t\t\t\t\t\t\t\t\t<\/div>\n\t\t\t\t<\/div>\n\t\t\t\t\t<\/div>\n\t\t<\/div>\n\t\t\t\t<div class=\"elementor-column elementor-col-33 elementor-top-column elementor-element elementor-element-7fdf3d8\" data-id=\"7fdf3d8\" data-element_type=\"column\">\n\t\t\t<div class=\"elementor-widget-wrap elementor-element-populated\">\n\t\t\t\t\t\t\t\t<div class=\"elementor-element elementor-element-043dc6d elementor-widget elementor-widget-text-editor\" data-id=\"043dc6d\" data-element_type=\"widget\" data-widget_type=\"text-editor.default\">\n\t\t\t\t<div class=\"elementor-widget-container\">\n\t\t\t<style>\/*! elementor - v3.8.1 - 13-11-2022 *\/\n.elementor-widget-text-editor.elementor-drop-cap-view-stacked .elementor-drop-cap{background-color:#818a91;color:#fff}.elementor-widget-text-editor.elementor-drop-cap-view-framed .elementor-drop-cap{color:#818a91;border:3px solid;background-color:transparent}.elementor-widget-text-editor:not(.elementor-drop-cap-view-default) .elementor-drop-cap{margin-top:8px}.elementor-widget-text-editor:not(.elementor-drop-cap-view-default) .elementor-drop-cap-letter{width:1em;height:1em}.elementor-widget-text-editor .elementor-drop-cap{float:left;text-align:center;line-height:1;font-size:50px}.elementor-widget-text-editor .elementor-drop-cap-letter{display:inline-block}<\/style>\t\t\t\t<p>Voc\u00ea ent\u00e3o encaminha Sra. Concei\u00e7\u00e3o Mendoza ao leito. Que pessoa agrad\u00e1vel, que boa conversa. Voc\u00ea j\u00e1 tem uma nova amiga?? A Enfermagem tem dessas coisas n\u00e9?<\/p>\n<p>Sra. Mendoza \u00e9 a alegria da Ala, j\u00e1 compartilhou com todos sua hist\u00f3ria de imigrante venezuelana. Ela \u00e9 uma senhora ativa, n\u00e3o fica s\u00f3 deitada na cama. Ela anda e consegue ir ao banheiro (AVDIs OK) e rir bastante com seus colegas de enfermaria. Tem um adequado estado nutricional e nenhum problema nutricional.<\/p>\n<p>O plantonista j\u00e1 vem falar com voc\u00ea. Ele deseja saber qual o score de Braden dessa paciente. Claro que voc\u00ea considerou esse item em sua admiss\u00e3o. Com olhos bem arregalados voc\u00ea diz que est\u00e1 anotado na sua prancheta. Ele ent\u00e3o pergunta: Qual \u00e9 o score, sua prancheta t\u00e1 ai na sua m\u00e3o.<\/p>\n<p>Voc\u00ea percebe que a t\u00e1tica n\u00e3o foi boa, mas consegue sair&#8230;. Est\u00e1 na outra prancheta, vou pegar e te informo.<br>Voc\u00ea sai correndo para ver Sra. Mendoza e calcular seu escore.<\/p>\t\t\t\t\t\t<\/div>\n\t\t\t\t<\/div>\n\t\t\t\t\t<\/div>\n\t\t<\/div>\n\t\t\t\t<div class=\"elementor-column elementor-col-33 elementor-top-column elementor-element elementor-element-262c4a8\" data-id=\"262c4a8\" data-element_type=\"column\">\n\t\t\t<div class=\"elementor-widget-wrap elementor-element-populated\">\n\t\t\t\t\t\t\t\t<div class=\"elementor-element elementor-element-e27d2eb elementor-widget elementor-widget-image\" data-id=\"e27d2eb\" data-element_type=\"widget\" data-widget_type=\"image.default\">\n\t\t\t\t<div class=\"elementor-widget-container\">\n\t\t\t\t\t\t\t\t\t\t\t\t\t\t\t<img loading=\"lazy\" decoding=\"async\" width=\"860\" height=\"767\" src=\"https:\/\/cebras.unb.br\/wp-content\/uploads\/2023\/03\/64-649658_nurse-png-transparent-png.png\" class=\"attachment-full size-full\" alt=\"\" \/>\t\t\t\t\t\t\t\t\t\t\t\t\t\t\t<\/div>\n\t\t\t\t<\/div>\n\t\t\t\t<div class=\"elementor-element elementor-element-6fe907a elementor-widget elementor-widget-shortcode\" data-id=\"6fe907a\" data-element_type=\"widget\" data-widget_type=\"shortcode.default\">\n\t\t\t\t<div class=\"elementor-widget-container\">\n\t\t\t\t\t<div class=\"elementor-shortcode\"><div class=\"forminator-ui forminator-custom-form forminator-custom-form-675 forminator-design--default  forminator_ajax\" data-forminator-render=\"0\" data-form=\"forminator-module-675\" data-uid=\"6a0115d26daf5\"><br\/><\/div><form\n\t\t\t\tid=\"forminator-module-675\"\n\t\t\t\tclass=\"forminator-ui forminator-custom-form forminator-custom-form-675 forminator-design--default  forminator_ajax\"\n\t\t\t\tmethod=\"post\"\n\t\t\t\tdata-forminator-render=\"0\"\n\t\t\t\tdata-form-id=\"675\"\n\t\t\t\t\n\t\t\t\tdata-design=\"default\"\n\t\t\t\t\n\t\t\t\t\n\t\t\t\t\n\t\t\t\tdata-grid=\"open\"\n\t\t\t\t\n\t\t\t\t\n\t\t\t\tstyle=\"display: none;\"\n\t\t\t\t\n\t\t\t\tdata-uid=\"6a0115d26daf5\"\n\t\t\t><div class=\"forminator-response-message forminator-error\" aria-hidden=\"true\"><\/div><div class=\"forminator-row\"><div id=\"number-1\" class=\"forminator-col forminator-col-12 \"><div class=\"forminator-field\"><label for=\"forminator-field-number-1_6a0115d26daf5\" class=\"forminator-label\">Qual o score Enfermeira? <span class=\"forminator-required\">*<\/span><\/label><input name=\"number-1\" value=\"\" placeholder=\"E.x. 10\" id=\"forminator-field-number-1_6a0115d26daf5\" class=\"forminator-input forminator-number--field\" inputmode=\"decimal\" data-required=\"1\" data-decimals=\"0\" aria-required=\"true\" data-inputmask=\"&#039;groupSeparator&#039;: &#039;&#039;, &#039;radixPoint&#039;: &#039;&#039;, &#039;digits&#039;: &#039;0&#039;\" type=\"number\" step=\"any\" max=\"999\" \/><\/div><\/div><\/div><div class=\"forminator-row\"><div id=\"html-1\" class=\"forminator-col forminator-col-12 \"><div class=\"forminator-field forminator-merge-tags\" data-field=\"html-1\"><p><a href=\"http:\/\/cebras.unb.br\/index.php\/tela7\/\">CLIQUE AQUI<\/a><\/p><\/div><\/div><\/div><input type=\"hidden\" name=\"referer_url\" value=\"\" \/><div class=\"forminator-row forminator-row-last\"><div class=\"forminator-col\"><div class=\"forminator-field\"><button class=\"forminator-button forminator-button-submit\">Enviar mensagem<\/button><\/div><\/div><\/div><input type=\"hidden\" id=\"forminator_nonce\" name=\"forminator_nonce\" value=\"b0ade2ed90\" \/><input type=\"hidden\" name=\"_wp_http_referer\" value=\"\/index.php\/wp-json\/wp\/v2\/pages\/665\" \/><input type=\"hidden\" name=\"form_id\" value=\"675\"><input type=\"hidden\" name=\"page_id\" value=\"665\"><input type=\"hidden\" name=\"form_type\" value=\"default\"><input type=\"hidden\" name=\"current_url\" value=\"https:\/\/cebras.unb.br\/index.php\/tela6\/\"><input type=\"hidden\" name=\"render_id\" value=\"0\"><input type=\"hidden\" name=\"action\" value=\"forminator_submit_form_custom-forms\"><\/form><\/div>\n\t\t\t\t<\/div>\n\t\t\t\t<\/div>\n\t\t\t\t\t<\/div>\n\t\t<\/div>\n\t\t\t\t\t\t\t<\/div>\n\t\t<\/section>\n\t\t\t\t\t\t\t<\/div>\n\t\t","protected":false},"excerpt":{"rendered":"<p>NA CL\u00cdNICA M\u00c9DICA Voc\u00ea ent\u00e3o encaminha Sra. Concei\u00e7\u00e3o Mendoza ao leito. Que pessoa agrad\u00e1vel, que boa conversa. Voc\u00ea j\u00e1 tem uma nova amiga?? A Enfermagem tem dessas coisas n\u00e9? Sra. Mendoza \u00e9 a alegria da Ala, j\u00e1 compartilhou com todos sua hist\u00f3ria de imigrante venezuelana. Ela \u00e9 uma senhora ativa, n\u00e3o fica s\u00f3 deitada na cama. Ela anda e consegue ir ao banheiro (AVDIs OK) e rir bastante com seus colegas de enfermaria. Tem um adequado estado nutricional e nenhum problema nutricional. O plantonista j\u00e1 vem falar com voc\u00ea. Ele deseja saber qual o score de Braden dessa paciente. Claro que voc\u00ea considerou esse item em sua admiss\u00e3o. Com olhos bem arregalados voc\u00ea diz que est\u00e1 anotado na sua prancheta. Ele ent\u00e3o pergunta: Qual \u00e9 o score, sua prancheta t\u00e1 ai na sua m\u00e3o. Voc\u00ea percebe que a t\u00e1tica n\u00e3o foi boa, mas consegue sair&#8230;. Est\u00e1 na outra prancheta, vou&hellip;<\/p>\n<p> <a class=\"more-link\" href=\"https:\/\/cebras.unb.br\/index.php\/tela6\/\">Leia mais<\/a><\/p>\n","protected":false},"author":1,"featured_media":0,"parent":0,"menu_order":0,"comment_status":"closed","ping_status":"closed","template":"elementor_header_footer","meta":{"footnotes":""},"_links":{"self":[{"href":"https:\/\/cebras.unb.br\/index.php\/wp-json\/wp\/v2\/pages\/665"}],"collection":[{"href":"https:\/\/cebras.unb.br\/index.php\/wp-json\/wp\/v2\/pages"}],"about":[{"href":"https:\/\/cebras.unb.br\/index.php\/wp-json\/wp\/v2\/types\/page"}],"author":[{"embeddable":true,"href":"https:\/\/cebras.unb.br\/index.php\/wp-json\/wp\/v2\/users\/1"}],"replies":[{"embeddable":true,"href":"https:\/\/cebras.unb.br\/index.php\/wp-json\/wp\/v2\/comments?post=665"}],"version-history":[{"count":10,"href":"https:\/\/cebras.unb.br\/index.php\/wp-json\/wp\/v2\/pages\/665\/revisions"}],"predecessor-version":[{"id":979,"href":"https:\/\/cebras.unb.br\/index.php\/wp-json\/wp\/v2\/pages\/665\/revisions\/979"}],"wp:attachment":[{"href":"https:\/\/cebras.unb.br\/index.php\/wp-json\/wp\/v2\/media?parent=665"}],"curies":[{"name":"wp","href":"https:\/\/api.w.org\/{rel}","templated":true}]}}