{"id":554,"date":"2023-03-09T15:01:58","date_gmt":"2023-03-09T18:01:58","guid":{"rendered":"http:\/\/cebras.unb.br\/?page_id=554"},"modified":"2023-03-10T09:06:58","modified_gmt":"2023-03-10T12:06:58","slug":"escape","status":"publish","type":"page","link":"https:\/\/cebras.unb.br\/index.php\/escape\/","title":{"rendered":"Escape Room"},"content":{"rendered":"\t\t<div data-elementor-type=\"wp-page\" data-elementor-id=\"554\" class=\"elementor elementor-554\">\n\t\t\t\t\t\t\t\t\t<section class=\"elementor-section elementor-top-section elementor-element elementor-element-dd0308e elementor-section-boxed elementor-section-height-default elementor-section-height-default\" data-id=\"dd0308e\" data-element_type=\"section\">\n\t\t\t\t\t\t<div class=\"elementor-container elementor-column-gap-default\">\n\t\t\t\t\t<div class=\"elementor-column elementor-col-33 elementor-top-column elementor-element elementor-element-88a59cf\" data-id=\"88a59cf\" data-element_type=\"column\">\n\t\t\t<div class=\"elementor-widget-wrap elementor-element-populated\">\n\t\t\t\t\t\t\t\t<div class=\"elementor-element elementor-element-c32ae99 elementor-widget elementor-widget-image\" data-id=\"c32ae99\" data-element_type=\"widget\" data-widget_type=\"image.default\">\n\t\t\t\t<div class=\"elementor-widget-container\">\n\t\t\t<style>\/*! elementor - v3.8.1 - 13-11-2022 *\/\n.elementor-widget-image{text-align:center}.elementor-widget-image a{display:inline-block}.elementor-widget-image a img[src$=\".svg\"]{width:48px}.elementor-widget-image img{vertical-align:middle;display:inline-block}<\/style>\t\t\t\t\t\t\t\t\t\t\t\t<img loading=\"lazy\" decoding=\"async\" width=\"150\" height=\"121\" src=\"https:\/\/cebras.unb.br\/wp-content\/uploads\/2023\/03\/ESCS-e1663176531650-191x154-1.png\" class=\"attachment-thumbnail size-thumbnail\" alt=\"\" \/>\t\t\t\t\t\t\t\t\t\t\t\t\t\t\t<\/div>\n\t\t\t\t<\/div>\n\t\t\t\t\t<\/div>\n\t\t<\/div>\n\t\t\t\t<div class=\"elementor-column elementor-col-33 elementor-top-column elementor-element elementor-element-8733e0a\" data-id=\"8733e0a\" data-element_type=\"column\">\n\t\t\t<div class=\"elementor-widget-wrap elementor-element-populated\">\n\t\t\t\t\t\t\t\t<div class=\"elementor-element elementor-element-8dcffc4 elementor-widget elementor-widget-heading\" data-id=\"8dcffc4\" data-element_type=\"widget\" data-widget_type=\"heading.default\">\n\t\t\t\t<div class=\"elementor-widget-container\">\n\t\t\t<style>\/*! elementor - v3.8.1 - 13-11-2022 *\/\n.elementor-heading-title{padding:0;margin:0;line-height:1}.elementor-widget-heading .elementor-heading-title[class*=elementor-size-]>a{color:inherit;font-size:inherit;line-height:inherit}.elementor-widget-heading .elementor-heading-title.elementor-size-small{font-size:15px}.elementor-widget-heading .elementor-heading-title.elementor-size-medium{font-size:19px}.elementor-widget-heading .elementor-heading-title.elementor-size-large{font-size:29px}.elementor-widget-heading .elementor-heading-title.elementor-size-xl{font-size:39px}.elementor-widget-heading .elementor-heading-title.elementor-size-xxl{font-size:59px}<\/style><h1 class=\"elementor-heading-title elementor-size-default\">ESCAPE DO HOSPITAL<\/h1>\t\t<\/div>\n\t\t\t\t<\/div>\n\t\t\t\t\t<\/div>\n\t\t<\/div>\n\t\t\t\t<div class=\"elementor-column elementor-col-33 elementor-top-column elementor-element elementor-element-c8dfb7f\" data-id=\"c8dfb7f\" data-element_type=\"column\">\n\t\t\t<div class=\"elementor-widget-wrap elementor-element-populated\">\n\t\t\t\t\t\t\t\t<div class=\"elementor-element elementor-element-6c6edb8 elementor-widget elementor-widget-image\" data-id=\"6c6edb8\" data-element_type=\"widget\" data-widget_type=\"image.default\">\n\t\t\t\t<div class=\"elementor-widget-container\">\n\t\t\t\t\t\t\t\t\t\t\t\t\t\t\t<img loading=\"lazy\" decoding=\"async\" width=\"150\" height=\"138\" src=\"https:\/\/cebras.unb.br\/wp-content\/uploads\/2022\/12\/admin-ajax.png\" class=\"attachment-thumbnail size-thumbnail\" alt=\"\" \/>\t\t\t\t\t\t\t\t\t\t\t\t\t\t\t<\/div>\n\t\t\t\t<\/div>\n\t\t\t\t\t<\/div>\n\t\t<\/div>\n\t\t\t\t\t\t\t<\/div>\n\t\t<\/section>\n\t\t\t\t<section class=\"elementor-section elementor-top-section elementor-element elementor-element-d6814ea elementor-section-boxed elementor-section-height-default elementor-section-height-default\" data-id=\"d6814ea\" data-element_type=\"section\">\n\t\t\t\t\t\t<div class=\"elementor-container elementor-column-gap-default\">\n\t\t\t\t\t<div class=\"elementor-column elementor-col-100 elementor-top-column elementor-element elementor-element-a017c7c\" data-id=\"a017c7c\" data-element_type=\"column\">\n\t\t\t<div class=\"elementor-widget-wrap elementor-element-populated\">\n\t\t\t\t\t\t\t\t<div class=\"elementor-element elementor-element-bba15a3 elementor-widget elementor-widget-text-editor\" data-id=\"bba15a3\" data-element_type=\"widget\" data-widget_type=\"text-editor.default\">\n\t\t\t\t<div class=\"elementor-widget-container\">\n\t\t\t<style>\/*! elementor - v3.8.1 - 13-11-2022 *\/\n.elementor-widget-text-editor.elementor-drop-cap-view-stacked .elementor-drop-cap{background-color:#818a91;color:#fff}.elementor-widget-text-editor.elementor-drop-cap-view-framed .elementor-drop-cap{color:#818a91;border:3px solid;background-color:transparent}.elementor-widget-text-editor:not(.elementor-drop-cap-view-default) .elementor-drop-cap{margin-top:8px}.elementor-widget-text-editor:not(.elementor-drop-cap-view-default) .elementor-drop-cap-letter{width:1em;height:1em}.elementor-widget-text-editor .elementor-drop-cap{float:left;text-align:center;line-height:1;font-size:50px}.elementor-widget-text-editor .elementor-drop-cap-letter{display:inline-block}<\/style>\t\t\t\t<p>A hist\u00f3ria<\/p><p>\u00a0<\/p><p>Voc\u00ea \u00e9 enfermeiro que est\u00e1 prestes a embarcar em primeiro plant\u00e3o NOTURNO, FORMOU que fala?<\/p><p>Voc\u00ea est\u00e1 animados, mas nervoso, certamente isso colocar\u00e1 seu conhecimento \u00e0 prova.<\/p><p>\u00a0<\/p><p>\u00c9 uma noite de lua cheia hoje e voc\u00ea sabe que \u00e9 apenas supersti\u00e7\u00e3o e n\u00e3o h\u00e1 nada que possa derrub\u00e1-lo enquanto voc\u00ea junta seus\u00a0<span style=\"word-spacing: normal;\">pertences para ir pro seu carro.<\/span><\/p><p>Enquanto dirige, voc\u00ea pensa em como a orienta\u00e7\u00e3o e a ESCS o prepararam para esta noite.<\/p><p>Voc\u00ea est\u00e1 a caminho do andar da Cl\u00ednica M\u00e9dica do Hospital florence Nightingale, onde ser\u00e1 sua noite&#8230;<\/p><p>&#8220;Voc\u00ea consegue&#8230;&#8221; voc\u00ea repete para si mesmo enquanto entra no estacionamento do hospital.<\/p><p>Voc\u00ea respira fundo uma \u00faltima vez, pega seus pertences e sai para sua primeira noite sozinho como enfermeiro de um plant\u00e3o.<\/p>\t\t\t\t\t\t<\/div>\n\t\t\t\t<\/div>\n\t\t\t\t\t<\/div>\n\t\t<\/div>\n\t\t\t\t\t\t\t<\/div>\n\t\t<\/section>\n\t\t\t\t<section class=\"elementor-section elementor-top-section elementor-element elementor-element-b543886 elementor-section-boxed elementor-section-height-default elementor-section-height-default\" data-id=\"b543886\" data-element_type=\"section\">\n\t\t\t\t\t\t<div class=\"elementor-container elementor-column-gap-default\">\n\t\t\t\t\t<div class=\"elementor-column elementor-col-33 elementor-top-column elementor-element elementor-element-13e3688\" data-id=\"13e3688\" data-element_type=\"column\">\n\t\t\t<div class=\"elementor-widget-wrap\">\n\t\t\t\t\t\t\t\t\t<\/div>\n\t\t<\/div>\n\t\t\t\t<div class=\"elementor-column elementor-col-33 elementor-top-column elementor-element elementor-element-becd3a0\" data-id=\"becd3a0\" data-element_type=\"column\">\n\t\t\t<div class=\"elementor-widget-wrap elementor-element-populated\">\n\t\t\t\t\t\t\t\t<div class=\"elementor-element elementor-element-e4311a1 elementor-widget elementor-widget-shortcode\" data-id=\"e4311a1\" data-element_type=\"widget\" data-widget_type=\"shortcode.default\">\n\t\t\t\t<div class=\"elementor-widget-container\">\n\t\t\t\t\t<div class=\"elementor-shortcode\"><div class=\"forminator-ui forminator-custom-form forminator-custom-form-548 forminator-design--default  forminator_ajax\" data-forminator-render=\"0\" data-form=\"forminator-module-548\" data-uid=\"69feaef0831b4\"><br\/><\/div><form\n\t\t\t\tid=\"forminator-module-548\"\n\t\t\t\tclass=\"forminator-ui forminator-custom-form forminator-custom-form-548 forminator-design--default  forminator_ajax\"\n\t\t\t\tmethod=\"post\"\n\t\t\t\tdata-forminator-render=\"0\"\n\t\t\t\tdata-form-id=\"548\"\n\t\t\t\t\n\t\t\t\tdata-design=\"default\"\n\t\t\t\t\n\t\t\t\t\n\t\t\t\t\n\t\t\t\tdata-grid=\"open\"\n\t\t\t\t\n\t\t\t\t\n\t\t\t\tstyle=\"display: none;\"\n\t\t\t\t\n\t\t\t\tdata-uid=\"69feaef0831b4\"\n\t\t\t><div class=\"forminator-response-message forminator-error\" aria-hidden=\"true\"><\/div><div class=\"forminator-row\"><div id=\"text-1\" class=\"forminator-col forminator-col-12 \"><div class=\"forminator-field\"><label for=\"forminator-field-text-1_69feaef0831b4\" class=\"forminator-label\">Senha <span class=\"forminator-required\">*<\/span><\/label><input type=\"text\" name=\"text-1\" value=\"\" placeholder=\"\" id=\"forminator-field-text-1_69feaef0831b4\" class=\"forminator-input forminator-name--field\" data-required=\"1\" \/><\/div><\/div><\/div><div class=\"forminator-row\"><div id=\"html-1\" class=\"forminator-col forminator-col-12  .button { background-color: #4CAF50; \/* Green *\/ border: none; color: white; padding: 15px 32px; text-align: center; text-decoration: none; display: inline-block; font-size: 16px; }\"><div class=\"forminator-field forminator-merge-tags\" data-field=\"html-1\"><p><a href=\"http:\/\/cebras.unb.br\/index.php\/tela1\/\">ENTRAR<\/a><\/p><\/div><\/div><\/div><div class=\"forminator-row\"><div id=\"html-2\" class=\"forminator-col forminator-col-12 \"><div class=\"forminator-field forminator-merge-tags\" data-field=\"html-2\"><p><a href=\"http:\/\/cebras.unb.br\/index.php\/tela1-2\/\">ENTRAR<\/a><\/p><\/div><\/div><\/div><input type=\"hidden\" name=\"referer_url\" value=\"\" \/><div class=\"forminator-row forminator-row-last\"><div class=\"forminator-col\"><div class=\"forminator-field\"><button class=\"forminator-button forminator-button-submit\">ENTRAR<\/button><\/div><\/div><\/div><input type=\"hidden\" id=\"forminator_nonce\" name=\"forminator_nonce\" value=\"e688cf6a86\" \/><input type=\"hidden\" name=\"_wp_http_referer\" value=\"\/index.php\/wp-json\/wp\/v2\/pages\/554\" \/><input type=\"hidden\" name=\"form_id\" value=\"548\"><input type=\"hidden\" name=\"page_id\" value=\"554\"><input type=\"hidden\" name=\"form_type\" value=\"default\"><input type=\"hidden\" name=\"current_url\" value=\"https:\/\/cebras.unb.br\/index.php\/escape\/\"><input type=\"hidden\" name=\"render_id\" value=\"0\"><input type=\"hidden\" name=\"action\" value=\"forminator_submit_form_custom-forms\"><\/form>\n\n<\/div>\n\t\t\t\t<\/div>\n\t\t\t\t<\/div>\n\t\t\t\t\t<\/div>\n\t\t<\/div>\n\t\t\t\t<div class=\"elementor-column elementor-col-33 elementor-top-column elementor-element elementor-element-1a0d065\" data-id=\"1a0d065\" data-element_type=\"column\">\n\t\t\t<div class=\"elementor-widget-wrap\">\n\t\t\t\t\t\t\t\t\t<\/div>\n\t\t<\/div>\n\t\t\t\t\t\t\t<\/div>\n\t\t<\/section>\n\t\t\t\t<section class=\"elementor-section elementor-top-section elementor-element elementor-element-7864604 elementor-section-boxed elementor-section-height-default elementor-section-height-default\" data-id=\"7864604\" data-element_type=\"section\">\n\t\t\t\t\t\t<div class=\"elementor-container elementor-column-gap-default\">\n\t\t\t\t\t<div class=\"elementor-column elementor-col-100 elementor-top-column elementor-element elementor-element-62bfe2f\" data-id=\"62bfe2f\" data-element_type=\"column\">\n\t\t\t<div class=\"elementor-widget-wrap\">\n\t\t\t\t\t\t\t\t\t<\/div>\n\t\t<\/div>\n\t\t\t\t\t\t\t<\/div>\n\t\t<\/section>\n\t\t\t\t\t\t\t<\/div>\n\t\t","protected":false},"excerpt":{"rendered":"<p>ESCAPE DO HOSPITAL A hist\u00f3ria \u00a0 Voc\u00ea \u00e9 enfermeiro que est\u00e1 prestes a embarcar em primeiro plant\u00e3o NOTURNO, FORMOU que fala? Voc\u00ea est\u00e1 animados, mas nervoso, certamente isso colocar\u00e1 seu conhecimento \u00e0 prova. \u00a0 \u00c9 uma noite de lua cheia hoje e voc\u00ea sabe que \u00e9 apenas supersti\u00e7\u00e3o e n\u00e3o h\u00e1 nada que possa derrub\u00e1-lo enquanto voc\u00ea junta seus\u00a0pertences para ir pro seu carro. Enquanto dirige, voc\u00ea pensa em como a orienta\u00e7\u00e3o e a ESCS o prepararam para esta noite. Voc\u00ea est\u00e1 a caminho do andar da Cl\u00ednica M\u00e9dica do Hospital florence Nightingale, onde ser\u00e1 sua noite&#8230; &#8220;Voc\u00ea consegue&#8230;&#8221; voc\u00ea repete para si mesmo enquanto entra no estacionamento do hospital. Voc\u00ea respira fundo uma \u00faltima vez, pega seus pertences e sai para sua primeira noite sozinho como enfermeiro de um plant\u00e3o.<\/p>\n","protected":false},"author":1,"featured_media":0,"parent":0,"menu_order":0,"comment_status":"closed","ping_status":"closed","template":"elementor_header_footer","meta":{"footnotes":""},"_links":{"self":[{"href":"https:\/\/cebras.unb.br\/index.php\/wp-json\/wp\/v2\/pages\/554"}],"collection":[{"href":"https:\/\/cebras.unb.br\/index.php\/wp-json\/wp\/v2\/pages"}],"about":[{"href":"https:\/\/cebras.unb.br\/index.php\/wp-json\/wp\/v2\/types\/page"}],"author":[{"embeddable":true,"href":"https:\/\/cebras.unb.br\/index.php\/wp-json\/wp\/v2\/users\/1"}],"replies":[{"embeddable":true,"href":"https:\/\/cebras.unb.br\/index.php\/wp-json\/wp\/v2\/comments?post=554"}],"version-history":[{"count":37,"href":"https:\/\/cebras.unb.br\/index.php\/wp-json\/wp\/v2\/pages\/554\/revisions"}],"predecessor-version":[{"id":1064,"href":"https:\/\/cebras.unb.br\/index.php\/wp-json\/wp\/v2\/pages\/554\/revisions\/1064"}],"wp:attachment":[{"href":"https:\/\/cebras.unb.br\/index.php\/wp-json\/wp\/v2\/media?parent=554"}],"curies":[{"name":"wp","href":"https:\/\/api.w.org\/{rel}","templated":true}]}}