{"id":1207,"date":"2024-04-15T20:31:03","date_gmt":"2024-04-15T23:31:03","guid":{"rendered":"https:\/\/cebras.unb.br\/?page_id=1207"},"modified":"2024-04-15T20:38:48","modified_gmt":"2024-04-15T23:38:48","slug":"uats6","status":"publish","type":"page","link":"https:\/\/cebras.unb.br\/index.php\/uats6\/","title":{"rendered":"uats6"},"content":{"rendered":"\t\t<div data-elementor-type=\"wp-page\" data-elementor-id=\"1207\" class=\"elementor elementor-1207\">\n\t\t\t\t\t\t\t\t\t<section class=\"elementor-section elementor-top-section elementor-element elementor-element-b858639 elementor-section-boxed elementor-section-height-default elementor-section-height-default\" data-id=\"b858639\" data-element_type=\"section\">\n\t\t\t\t\t\t<div class=\"elementor-container elementor-column-gap-default\">\n\t\t\t\t\t<div class=\"elementor-column elementor-col-100 elementor-top-column elementor-element elementor-element-fee8abe\" data-id=\"fee8abe\" data-element_type=\"column\">\n\t\t\t<div class=\"elementor-widget-wrap elementor-element-populated\">\n\t\t\t\t\t\t\t\t<div class=\"elementor-element elementor-element-89ba959 elementor-widget elementor-widget-shortcode\" data-id=\"89ba959\" data-element_type=\"widget\" data-widget_type=\"shortcode.default\">\n\t\t\t\t<div class=\"elementor-widget-container\">\n\t\t\t\t\t<div class=\"elementor-shortcode\"><div class=\"ae56edf989d43fbafc86e51580cbc7a1f\" style=\"display:none; color:#000000;\" icp-expire=\"0:00:30:00\" icp-type=\"DATE\" icp-redirect=\"esgotado\" icp-id=\"1\" icp-restart=\"0\"  icp-eg=\"1\" icp-expiration=\"1679339100\">\t\t<div class=\"aa0a6f77eedae45390a91d02b322ea331\">\n\t\t\t<div class=\"ac68038df70c3298d7f9ec3d8d63b3910\" style=\"font-size: 50px;\">0<\/div>\n\t\t\t<div class=\"a9ba24da237b385298a4efc5ebad04025\" style=\"font-size: 15px;\" icp-labels=\"days,day\">LBL<\/div>\n\t\t<\/div>\n\t\t\t\t<div class=\"a661fe749166c24e2047a382285a1f006\">\n\t\t\t<div class=\"ac68038df70c3298d7f9ec3d8d63b3910\" style=\"font-size: 50px;\">:<\/div>\n\t\t\t<div><\/div>\n\t\t<\/div>\n\t\t\t\t<div class=\"aa0a6f77eedae45390a91d02b322ea331\">\n\t\t\t<div class=\"ac68038df70c3298d7f9ec3d8d63b3910\" style=\"font-size: 50px;\">0<\/div>\n\t\t\t<div class=\"a9ba24da237b385298a4efc5ebad04025\" style=\"font-size: 15px;\" icp-labels=\"horas,hora\">LBL<\/div>\n\t\t<\/div>\n\t\t\t\t<div class=\"a661fe749166c24e2047a382285a1f006\">\n\t\t\t<div class=\"ac68038df70c3298d7f9ec3d8d63b3910\" style=\"font-size: 50px;\">:<\/div>\n\t\t\t<div><\/div>\n\t\t<\/div>\n\t\t\t\t<div class=\"aa0a6f77eedae45390a91d02b322ea331\">\n\t\t\t<div class=\"ac68038df70c3298d7f9ec3d8d63b3910\" style=\"font-size: 50px;\">0<\/div>\n\t\t\t<div class=\"a9ba24da237b385298a4efc5ebad04025\" style=\"font-size: 15px;\" icp-labels=\"minutos,minuto\">LBL<\/div>\n\t\t<\/div>\n\t\t\t\t<div class=\"a661fe749166c24e2047a382285a1f006\">\n\t\t\t<div class=\"ac68038df70c3298d7f9ec3d8d63b3910\" style=\"font-size: 50px;\">:<\/div>\n\t\t\t<div><\/div>\n\t\t<\/div>\n\t\t\t\t<div class=\"aa0a6f77eedae45390a91d02b322ea331\">\n\t\t\t<div class=\"ac68038df70c3298d7f9ec3d8d63b3910\" style=\"font-size: 50px;\">0<\/div>\n\t\t\t<div class=\"a9ba24da237b385298a4efc5ebad04025\" style=\"font-size: 15px;\" icp-labels=\"segundos,segundo\">LBL<\/div>\n\t\t<\/div>\n\t\t<\/div><\/div>\n\t\t\t\t<\/div>\n\t\t\t\t<\/div>\n\t\t\t\t<div class=\"elementor-element elementor-element-a90ede4 elementor-widget elementor-widget-shortcode\" data-id=\"a90ede4\" data-element_type=\"widget\" data-widget_type=\"shortcode.default\">\n\t\t\t\t<div class=\"elementor-widget-container\">\n\t\t\t\t\t<div class=\"elementor-shortcode\"><div class=\"forminator-ui forminator-custom-form forminator-custom-form-1215 forminator-design--default  forminator_ajax\" data-forminator-render=\"0\" data-form=\"forminator-module-1215\" data-uid=\"6a09318ebf45c\"><br\/><\/div><form\n\t\t\t\tid=\"forminator-module-1215\"\n\t\t\t\tclass=\"forminator-ui forminator-custom-form forminator-custom-form-1215 forminator-design--default  forminator_ajax\"\n\t\t\t\tmethod=\"post\"\n\t\t\t\tdata-forminator-render=\"0\"\n\t\t\t\tdata-form-id=\"1215\"\n\t\t\t\t\n\t\t\t\tdata-design=\"default\"\n\t\t\t\t\n\t\t\t\t\n\t\t\t\t\n\t\t\t\tdata-grid=\"open\"\n\t\t\t\t\n\t\t\t\t\n\t\t\t\tstyle=\"display: none;\"\n\t\t\t\t\n\t\t\t\tdata-uid=\"6a09318ebf45c\"\n\t\t\t><div class=\"forminator-response-message forminator-error\" aria-hidden=\"true\"><\/div><div class=\"forminator-row\"><div id=\"text-1\" class=\"forminator-col forminator-col-12 \"><div class=\"forminator-field\"><label for=\"forminator-field-text-1_6a09318ebf45c\" class=\"forminator-label\">Agora, com base no OR calculado previamente (1,243) e assumindo que a probabilidade de transi\u00e7\u00e3o entre os estados (XXX) e (XXX) para o bra\u00e7o ezetimiba+estatina \u00e9 de 0,04, se for vi\u00e1vel a aplica\u00e7\u00e3o do OR, qual seria a probabilidade de transi\u00e7\u00e3o para estatina em alta dose? (R: x,xxx)?<\/label><input type=\"text\" name=\"text-1\" value=\"\" placeholder=\"\" id=\"forminator-field-text-1_6a09318ebf45c\" class=\"forminator-input forminator-name--field\" data-required=\"\" \/><\/div><\/div><\/div><div class=\"forminator-row\"><div id=\"html-1\" class=\"forminator-col forminator-col-12 \"><div class=\"forminator-field forminator-merge-tags\" data-field=\"html-1\"><p><a href=\"https:\/\/cebras.unb.br\/index.php\/uats7\/\">CONTINUAR<\/a><\/p><\/div><\/div><\/div><input type=\"hidden\" name=\"referer_url\" value=\"\" \/><div class=\"forminator-row forminator-row-last\"><div class=\"forminator-col\"><div class=\"forminator-field\"><button class=\"forminator-button forminator-button-submit\">Enviar mensagem<\/button><\/div><\/div><\/div><input type=\"hidden\" id=\"forminator_nonce\" name=\"forminator_nonce\" value=\"4c0faa83ec\" \/><input type=\"hidden\" name=\"_wp_http_referer\" value=\"\/index.php\/wp-json\/wp\/v2\/pages\/1207\" \/><input type=\"hidden\" name=\"form_id\" value=\"1215\"><input type=\"hidden\" name=\"page_id\" value=\"1207\"><input type=\"hidden\" name=\"form_type\" value=\"default\"><input type=\"hidden\" name=\"current_url\" value=\"https:\/\/cebras.unb.br\/index.php\/uats6\/\"><input type=\"hidden\" name=\"render_id\" value=\"0\"><input type=\"hidden\" name=\"action\" value=\"forminator_submit_form_custom-forms\"><\/form><\/div>\n\t\t\t\t<\/div>\n\t\t\t\t<\/div>\n\t\t\t\t\t<\/div>\n\t\t<\/div>\n\t\t\t\t\t\t\t<\/div>\n\t\t<\/section>\n\t\t\t\t\t\t\t<\/div>\n\t\t","protected":false},"excerpt":{"rendered":"","protected":false},"author":1,"featured_media":0,"parent":0,"menu_order":0,"comment_status":"closed","ping_status":"closed","template":"elementor_header_footer","meta":{"footnotes":""},"_links":{"self":[{"href":"https:\/\/cebras.unb.br\/index.php\/wp-json\/wp\/v2\/pages\/1207"}],"collection":[{"href":"https:\/\/cebras.unb.br\/index.php\/wp-json\/wp\/v2\/pages"}],"about":[{"href":"https:\/\/cebras.unb.br\/index.php\/wp-json\/wp\/v2\/types\/page"}],"author":[{"embeddable":true,"href":"https:\/\/cebras.unb.br\/index.php\/wp-json\/wp\/v2\/users\/1"}],"replies":[{"embeddable":true,"href":"https:\/\/cebras.unb.br\/index.php\/wp-json\/wp\/v2\/comments?post=1207"}],"version-history":[{"count":10,"href":"https:\/\/cebras.unb.br\/index.php\/wp-json\/wp\/v2\/pages\/1207\/revisions"}],"predecessor-version":[{"id":1227,"href":"https:\/\/cebras.unb.br\/index.php\/wp-json\/wp\/v2\/pages\/1207\/revisions\/1227"}],"wp:attachment":[{"href":"https:\/\/cebras.unb.br\/index.php\/wp-json\/wp\/v2\/media?parent=1207"}],"curies":[{"name":"wp","href":"https:\/\/api.w.org\/{rel}","templated":true}]}}