{"id":1197,"date":"2024-04-15T20:10:35","date_gmt":"2024-04-15T23:10:35","guid":{"rendered":"https:\/\/cebras.unb.br\/?page_id=1197"},"modified":"2024-04-15T20:54:31","modified_gmt":"2024-04-15T23:54:31","slug":"uats5","status":"publish","type":"page","link":"https:\/\/cebras.unb.br\/index.php\/uats5\/","title":{"rendered":"UATS5"},"content":{"rendered":"\t\t<div data-elementor-type=\"wp-page\" data-elementor-id=\"1197\" class=\"elementor elementor-1197\">\n\t\t\t\t\t\t\t\t\t<section class=\"elementor-section elementor-top-section elementor-element elementor-element-1ec006c elementor-section-boxed elementor-section-height-default elementor-section-height-default\" data-id=\"1ec006c\" data-element_type=\"section\">\n\t\t\t\t\t\t<div class=\"elementor-container elementor-column-gap-default\">\n\t\t\t\t\t<div class=\"elementor-column elementor-col-100 elementor-top-column elementor-element elementor-element-59c2061\" data-id=\"59c2061\" data-element_type=\"column\">\n\t\t\t<div class=\"elementor-widget-wrap elementor-element-populated\">\n\t\t\t\t\t\t\t\t<div class=\"elementor-element elementor-element-2d35aa5 elementor-widget elementor-widget-shortcode\" data-id=\"2d35aa5\" data-element_type=\"widget\" data-widget_type=\"shortcode.default\">\n\t\t\t\t<div class=\"elementor-widget-container\">\n\t\t\t\t\t<div class=\"elementor-shortcode\"><div class=\"ae56edf989d43fbafc86e51580cbc7a1f\" style=\"display:none; color:#000000;\" icp-expire=\"0:00:30:00\" icp-type=\"DATE\" icp-redirect=\"esgotado\" icp-id=\"1\" icp-restart=\"0\"  icp-eg=\"1\" icp-expiration=\"1679339100\">\t\t<div class=\"aa0a6f77eedae45390a91d02b322ea331\">\n\t\t\t<div class=\"ac68038df70c3298d7f9ec3d8d63b3910\" style=\"font-size: 50px;\">0<\/div>\n\t\t\t<div class=\"a9ba24da237b385298a4efc5ebad04025\" style=\"font-size: 15px;\" icp-labels=\"days,day\">LBL<\/div>\n\t\t<\/div>\n\t\t\t\t<div class=\"a661fe749166c24e2047a382285a1f006\">\n\t\t\t<div class=\"ac68038df70c3298d7f9ec3d8d63b3910\" style=\"font-size: 50px;\">:<\/div>\n\t\t\t<div><\/div>\n\t\t<\/div>\n\t\t\t\t<div class=\"aa0a6f77eedae45390a91d02b322ea331\">\n\t\t\t<div class=\"ac68038df70c3298d7f9ec3d8d63b3910\" style=\"font-size: 50px;\">0<\/div>\n\t\t\t<div class=\"a9ba24da237b385298a4efc5ebad04025\" style=\"font-size: 15px;\" icp-labels=\"horas,hora\">LBL<\/div>\n\t\t<\/div>\n\t\t\t\t<div class=\"a661fe749166c24e2047a382285a1f006\">\n\t\t\t<div class=\"ac68038df70c3298d7f9ec3d8d63b3910\" style=\"font-size: 50px;\">:<\/div>\n\t\t\t<div><\/div>\n\t\t<\/div>\n\t\t\t\t<div class=\"aa0a6f77eedae45390a91d02b322ea331\">\n\t\t\t<div class=\"ac68038df70c3298d7f9ec3d8d63b3910\" style=\"font-size: 50px;\">0<\/div>\n\t\t\t<div class=\"a9ba24da237b385298a4efc5ebad04025\" style=\"font-size: 15px;\" icp-labels=\"minutos,minuto\">LBL<\/div>\n\t\t<\/div>\n\t\t\t\t<div class=\"a661fe749166c24e2047a382285a1f006\">\n\t\t\t<div class=\"ac68038df70c3298d7f9ec3d8d63b3910\" style=\"font-size: 50px;\">:<\/div>\n\t\t\t<div><\/div>\n\t\t<\/div>\n\t\t\t\t<div class=\"aa0a6f77eedae45390a91d02b322ea331\">\n\t\t\t<div class=\"ac68038df70c3298d7f9ec3d8d63b3910\" style=\"font-size: 50px;\">0<\/div>\n\t\t\t<div class=\"a9ba24da237b385298a4efc5ebad04025\" style=\"font-size: 15px;\" icp-labels=\"segundos,segundo\">LBL<\/div>\n\t\t<\/div>\n\t\t<\/div><\/div>\n\t\t\t\t<\/div>\n\t\t\t\t<\/div>\n\t\t\t\t<div class=\"elementor-element elementor-element-c0dcaca elementor-widget elementor-widget-shortcode\" data-id=\"c0dcaca\" data-element_type=\"widget\" data-widget_type=\"shortcode.default\">\n\t\t\t\t<div class=\"elementor-widget-container\">\n\t\t\t\t\t<div class=\"elementor-shortcode\"><div><iframe src='https:\/\/puzzel.org\/pt\/jigsaw\/embed?p=-NvPlB8g2EuLQ3q1cnqe' width='100%' height='800' frameborder='0'><\/iframe><\/div><\/div>\n\t\t\t\t<\/div>\n\t\t\t\t<\/div>\n\t\t\t\t\t<\/div>\n\t\t<\/div>\n\t\t\t\t\t\t\t<\/div>\n\t\t<\/section>\n\t\t\t\t<section class=\"elementor-section elementor-top-section elementor-element elementor-element-fdf87ad elementor-section-boxed elementor-section-height-default elementor-section-height-default\" data-id=\"fdf87ad\" data-element_type=\"section\">\n\t\t\t\t\t\t<div class=\"elementor-container elementor-column-gap-default\">\n\t\t\t\t\t<div class=\"elementor-column elementor-col-100 elementor-top-column elementor-element elementor-element-1f5c389\" data-id=\"1f5c389\" data-element_type=\"column\">\n\t\t\t<div class=\"elementor-widget-wrap elementor-element-populated\">\n\t\t\t\t\t\t\t\t<div class=\"elementor-element elementor-element-18d5a6b elementor-widget elementor-widget-shortcode\" data-id=\"18d5a6b\" data-element_type=\"widget\" data-widget_type=\"shortcode.default\">\n\t\t\t\t<div class=\"elementor-widget-container\">\n\t\t\t\t\t<div class=\"elementor-shortcode\"><div class=\"forminator-ui forminator-custom-form forminator-custom-form-1206 forminator-design--default  forminator_ajax\" data-forminator-render=\"0\" data-form=\"forminator-module-1206\" data-uid=\"6a09318eba6ea\"><br\/><\/div><form\n\t\t\t\tid=\"forminator-module-1206\"\n\t\t\t\tclass=\"forminator-ui forminator-custom-form forminator-custom-form-1206 forminator-design--default  forminator_ajax\"\n\t\t\t\tmethod=\"post\"\n\t\t\t\tdata-forminator-render=\"0\"\n\t\t\t\tdata-form-id=\"1206\"\n\t\t\t\t\n\t\t\t\tdata-design=\"default\"\n\t\t\t\t\n\t\t\t\t\n\t\t\t\t\n\t\t\t\tdata-grid=\"open\"\n\t\t\t\t\n\t\t\t\t\n\t\t\t\tstyle=\"display: none;\"\n\t\t\t\t\n\t\t\t\tdata-uid=\"6a09318eba6ea\"\n\t\t\t><div class=\"forminator-response-message forminator-error\" aria-hidden=\"true\"><\/div><div class=\"forminator-row\"><div id=\"text-1\" class=\"forminator-col forminator-col-12 \"><div class=\"forminator-field\"><label for=\"forminator-field-text-1_6a09318eba6ea\" class=\"forminator-label\">Ainda neste mesmo modelo, precisaremos utilizar uma meta-an\u00e1lise que apresentou o impacto destas tecnologias no perfil lip\u00eddico (dado cont\u00ednuo). Assumindo que a diferen\u00e7a m\u00e9dia padronizada no LDL-c entre os grupos descrita na imagem. Qual seria o valor do OR?<\/label><input type=\"text\" name=\"text-1\" value=\"\" placeholder=\"(R: x,xxx)\" id=\"forminator-field-text-1_6a09318eba6ea\" class=\"forminator-input forminator-name--field\" data-required=\"\" \/><\/div><\/div><\/div><div class=\"forminator-row\"><div id=\"html-1\" class=\"forminator-col forminator-col-12 \"><div class=\"forminator-field forminator-merge-tags\" data-field=\"html-1\"><p><a href=\"https:\/\/cebras.unb.br\/index.php\/uats6\/\">CONTINUAR<\/a><\/p><\/div><\/div><\/div><input type=\"hidden\" name=\"referer_url\" value=\"\" \/><div class=\"forminator-row forminator-row-last\"><div class=\"forminator-col\"><div class=\"forminator-field\"><button class=\"forminator-button forminator-button-submit\">Enviar mensagem<\/button><\/div><\/div><\/div><input type=\"hidden\" id=\"forminator_nonce\" name=\"forminator_nonce\" value=\"4c0faa83ec\" \/><input type=\"hidden\" name=\"_wp_http_referer\" value=\"\/index.php\/wp-json\/wp\/v2\/pages\/1197\" \/><input type=\"hidden\" name=\"form_id\" value=\"1206\"><input type=\"hidden\" name=\"page_id\" value=\"1197\"><input type=\"hidden\" name=\"form_type\" value=\"default\"><input type=\"hidden\" name=\"current_url\" value=\"https:\/\/cebras.unb.br\/index.php\/uats5\/\"><input type=\"hidden\" name=\"render_id\" value=\"0\"><input type=\"hidden\" name=\"action\" value=\"forminator_submit_form_custom-forms\"><\/form><\/div>\n\t\t\t\t<\/div>\n\t\t\t\t<\/div>\n\t\t\t\t\t<\/div>\n\t\t<\/div>\n\t\t\t\t\t\t\t<\/div>\n\t\t<\/section>\n\t\t\t\t\t\t\t<\/div>\n\t\t","protected":false},"excerpt":{"rendered":"","protected":false},"author":1,"featured_media":0,"parent":0,"menu_order":0,"comment_status":"closed","ping_status":"closed","template":"elementor_header_footer","meta":{"footnotes":""},"_links":{"self":[{"href":"https:\/\/cebras.unb.br\/index.php\/wp-json\/wp\/v2\/pages\/1197"}],"collection":[{"href":"https:\/\/cebras.unb.br\/index.php\/wp-json\/wp\/v2\/pages"}],"about":[{"href":"https:\/\/cebras.unb.br\/index.php\/wp-json\/wp\/v2\/types\/page"}],"author":[{"embeddable":true,"href":"https:\/\/cebras.unb.br\/index.php\/wp-json\/wp\/v2\/users\/1"}],"replies":[{"embeddable":true,"href":"https:\/\/cebras.unb.br\/index.php\/wp-json\/wp\/v2\/comments?post=1197"}],"version-history":[{"count":13,"href":"https:\/\/cebras.unb.br\/index.php\/wp-json\/wp\/v2\/pages\/1197\/revisions"}],"predecessor-version":[{"id":1249,"href":"https:\/\/cebras.unb.br\/index.php\/wp-json\/wp\/v2\/pages\/1197\/revisions\/1249"}],"wp:attachment":[{"href":"https:\/\/cebras.unb.br\/index.php\/wp-json\/wp\/v2\/media?parent=1197"}],"curies":[{"name":"wp","href":"https:\/\/api.w.org\/{rel}","templated":true}]}}