{"id":1140,"date":"2024-04-14T23:23:52","date_gmt":"2024-04-15T02:23:52","guid":{"rendered":"https:\/\/cebras.unb.br\/?page_id=1140"},"modified":"2024-04-15T19:44:36","modified_gmt":"2024-04-15T22:44:36","slug":"uats2","status":"publish","type":"page","link":"https:\/\/cebras.unb.br\/index.php\/uats2\/","title":{"rendered":"UATS2"},"content":{"rendered":"\t\t<div data-elementor-type=\"wp-page\" data-elementor-id=\"1140\" class=\"elementor elementor-1140\">\n\t\t\t\t\t\t\t\t\t<section class=\"elementor-section elementor-top-section elementor-element elementor-element-64c52c5 elementor-section-boxed elementor-section-height-default elementor-section-height-default\" data-id=\"64c52c5\" data-element_type=\"section\" data-settings=\"{&quot;background_background&quot;:&quot;classic&quot;}\">\n\t\t\t\t\t\t<div class=\"elementor-container elementor-column-gap-default\">\n\t\t\t\t\t<div class=\"elementor-column elementor-col-100 elementor-top-column elementor-element elementor-element-476673d\" data-id=\"476673d\" data-element_type=\"column\">\n\t\t\t<div class=\"elementor-widget-wrap elementor-element-populated\">\n\t\t\t\t\t\t\t\t<div class=\"elementor-element elementor-element-26cc190 elementor-widget elementor-widget-shortcode\" data-id=\"26cc190\" data-element_type=\"widget\" data-widget_type=\"shortcode.default\">\n\t\t\t\t<div class=\"elementor-widget-container\">\n\t\t\t\t\t<div class=\"elementor-shortcode\"><div class=\"aa718e5b918e52df85f1b41acf377113c\" style=\"display:none; color:#000000;\" icp-expire=\"0:00:30:00\" icp-type=\"DATE\" icp-redirect=\"esgotado\" icp-id=\"1\" icp-restart=\"0\"  icp-eg=\"1\" icp-expiration=\"1679339100\">\t\t<div class=\"ae4b9060d5b872c7d3794afe3f0e02b62\">\n\t\t\t<div class=\"af0a4f1e5f173d6dad22658376b97bbc0\" style=\"font-size: 50px;\">0<\/div>\n\t\t\t<div class=\"acec12429c200c39836fe236267238e02\" style=\"font-size: 15px;\" icp-labels=\"days,day\">LBL<\/div>\n\t\t<\/div>\n\t\t\t\t<div class=\"a6554f2ab5a1c29bb294f3084de045ec7\">\n\t\t\t<div class=\"af0a4f1e5f173d6dad22658376b97bbc0\" style=\"font-size: 50px;\">:<\/div>\n\t\t\t<div><\/div>\n\t\t<\/div>\n\t\t\t\t<div class=\"ae4b9060d5b872c7d3794afe3f0e02b62\">\n\t\t\t<div class=\"af0a4f1e5f173d6dad22658376b97bbc0\" style=\"font-size: 50px;\">0<\/div>\n\t\t\t<div class=\"acec12429c200c39836fe236267238e02\" style=\"font-size: 15px;\" icp-labels=\"horas,hora\">LBL<\/div>\n\t\t<\/div>\n\t\t\t\t<div class=\"a6554f2ab5a1c29bb294f3084de045ec7\">\n\t\t\t<div class=\"af0a4f1e5f173d6dad22658376b97bbc0\" style=\"font-size: 50px;\">:<\/div>\n\t\t\t<div><\/div>\n\t\t<\/div>\n\t\t\t\t<div class=\"ae4b9060d5b872c7d3794afe3f0e02b62\">\n\t\t\t<div class=\"af0a4f1e5f173d6dad22658376b97bbc0\" style=\"font-size: 50px;\">0<\/div>\n\t\t\t<div class=\"acec12429c200c39836fe236267238e02\" style=\"font-size: 15px;\" icp-labels=\"minutos,minuto\">LBL<\/div>\n\t\t<\/div>\n\t\t\t\t<div class=\"a6554f2ab5a1c29bb294f3084de045ec7\">\n\t\t\t<div class=\"af0a4f1e5f173d6dad22658376b97bbc0\" style=\"font-size: 50px;\">:<\/div>\n\t\t\t<div><\/div>\n\t\t<\/div>\n\t\t\t\t<div class=\"ae4b9060d5b872c7d3794afe3f0e02b62\">\n\t\t\t<div class=\"af0a4f1e5f173d6dad22658376b97bbc0\" style=\"font-size: 50px;\">0<\/div>\n\t\t\t<div class=\"acec12429c200c39836fe236267238e02\" style=\"font-size: 15px;\" icp-labels=\"segundos,segundo\">LBL<\/div>\n\t\t<\/div>\n\t\t<\/div><\/div>\n\t\t\t\t<\/div>\n\t\t\t\t<\/div>\n\t\t\t\t<div class=\"elementor-element elementor-element-9f7dffd elementor-widget elementor-widget-text-editor\" data-id=\"9f7dffd\" data-element_type=\"widget\" data-widget_type=\"text-editor.default\">\n\t\t\t\t<div class=\"elementor-widget-container\">\n\t\t\t<style>\/*! elementor - v3.8.1 - 13-11-2022 *\/\n.elementor-widget-text-editor.elementor-drop-cap-view-stacked .elementor-drop-cap{background-color:#818a91;color:#fff}.elementor-widget-text-editor.elementor-drop-cap-view-framed .elementor-drop-cap{color:#818a91;border:3px solid;background-color:transparent}.elementor-widget-text-editor:not(.elementor-drop-cap-view-default) .elementor-drop-cap{margin-top:8px}.elementor-widget-text-editor:not(.elementor-drop-cap-view-default) .elementor-drop-cap-letter{width:1em;height:1em}.elementor-widget-text-editor .elementor-drop-cap{float:left;text-align:center;line-height:1;font-size:50px}.elementor-widget-text-editor .elementor-drop-cap-letter{display:inline-block}<\/style>\t\t\t\t<p class=\"cvGsUA direction-ltr align-justify para-style-body\"><span class=\"OYPEnA text-decoration-none text-strikethrough-none\">Ao adicionar somente o custo da rabdomi\u00f3lise ao modelo, voc\u00ea percebeu que n\u00e3o ser\u00e1 suficiente para adequar o modelo. Para tanto voc\u00ea adicionar\u00e1 ao modelo conceitual, um novo estado de transi\u00e7\u00e3o \u201crabdomi\u00f3lise\u201d.<\/span><\/p>\n<p class=\"cvGsUA direction-ltr align-justify para-style-body\">\n<\/p><p class=\"cvGsUA direction-ltr align-justify para-style-body\"><span class=\"OYPEnA text-decoration-none text-strikethrough-none\">Desta forma, voc\u00ea precisa calcular a probabilidade de transi\u00e7\u00e3o para cada alternativa em avalia\u00e7\u00e3o para inclus\u00e3o deste desfecho intermedi\u00e1rio.<\/span><\/p>\n<p class=\"cvGsUA direction-ltr align-justify para-style-body\">\n<\/p><p class=\"cvGsUA direction-ltr align-justify para-style-body\"><span class=\"OYPEnA text-decoration-none text-strikethrough-none\">Marco et al, 2023 (estudo mais recente e com menor risco de vi\u00e9s) avaliaram 2320 indiv\u00edduos com s\u00edndrome coronariana aguda por 36 meses (grupo A: 1200 pacientes utilizando ezetimiba + atorvastatina; grupo B: 1120 utilizando atorvastatina isolada). Os autores identificaram 118 eventos de rabdomi\u00f3lise para o grupo A e 96 eventos para o grupo B.<\/span><\/p><p class=\"cvGsUA direction-ltr align-justify para-style-body\"><span class=\"OYPEnA text-decoration-none text-strikethrough-none\"><span class=\"OYPEnA text-decoration-none text-strikethrough-none\" style=\"font-weight: 700;\">Considerando que o horizonte temporal da avali\u00e7\u00e3o econ\u00f4mica \u00e9 de 30 anos, com ciclos anuais, qual a probabilidade de transi\u00e7\u00e3o para:<\/span><br><\/span><\/p>\t\t\t\t\t\t<\/div>\n\t\t\t\t<\/div>\n\t\t\t\t<div class=\"elementor-element elementor-element-a4cb767 elementor-widget elementor-widget-shortcode\" data-id=\"a4cb767\" data-element_type=\"widget\" data-widget_type=\"shortcode.default\">\n\t\t\t\t<div class=\"elementor-widget-container\">\n\t\t\t\t\t<div class=\"elementor-shortcode\"><div class=\"forminator-ui forminator-custom-form forminator-custom-form-1160 forminator-design--default  forminator_ajax\" data-forminator-render=\"0\" data-form=\"forminator-module-1160\" data-uid=\"6a06214aba30d\"><br\/><\/div><form\n\t\t\t\tid=\"forminator-module-1160\"\n\t\t\t\tclass=\"forminator-ui forminator-custom-form forminator-custom-form-1160 forminator-design--default  forminator_ajax\"\n\t\t\t\tmethod=\"post\"\n\t\t\t\tdata-forminator-render=\"0\"\n\t\t\t\tdata-form-id=\"1160\"\n\t\t\t\t\n\t\t\t\tdata-design=\"default\"\n\t\t\t\t\n\t\t\t\t\n\t\t\t\t\n\t\t\t\tdata-grid=\"open\"\n\t\t\t\t\n\t\t\t\t\n\t\t\t\tstyle=\"display: none;\"\n\t\t\t\t\n\t\t\t\tdata-uid=\"6a06214aba30d\"\n\t\t\t><div class=\"forminator-response-message forminator-error\" aria-hidden=\"true\"><\/div><div class=\"forminator-row\"><div id=\"text-1\" class=\"forminator-col forminator-col-12 \"><div class=\"forminator-field\"><label for=\"forminator-field-text-1_6a06214aba30d\" class=\"forminator-label\">Ezetimiba + atorvastatina?<\/label><input type=\"text\" name=\"text-1\" value=\"\" placeholder=\"(R: x,xxx)\" id=\"forminator-field-text-1_6a06214aba30d\" class=\"forminator-input forminator-name--field\" data-required=\"\" \/><\/div><\/div><\/div><div class=\"forminator-row\"><div id=\"text-2\" class=\"forminator-col forminator-col-12 \"><div class=\"forminator-field\"><label for=\"forminator-field-text-2_6a06214aba30d\" class=\"forminator-label\">Atorvastatina?<\/label><input type=\"text\" name=\"text-2\" value=\"\" placeholder=\"(R: x,xxx)\" id=\"forminator-field-text-2_6a06214aba30d\" class=\"forminator-input forminator-name--field\" data-required=\"\" \/><\/div><\/div><\/div><div class=\"forminator-row\"><div id=\"html-1\" class=\"forminator-col forminator-col-12 \"><div class=\"forminator-field forminator-merge-tags\" data-field=\"html-1\"><p><a href=\"https:\/\/cebras.unb.br\/index.php\/uats3\/\">CONTINUAR<\/a><\/p><\/div><\/div><\/div><input type=\"hidden\" name=\"referer_url\" value=\"\" \/><div class=\"forminator-row forminator-row-last\"><div class=\"forminator-col\"><div class=\"forminator-field\"><button class=\"forminator-button forminator-button-submit\">Enviar mensagem<\/button><\/div><\/div><\/div><input type=\"hidden\" id=\"forminator_nonce\" name=\"forminator_nonce\" value=\"45373e5655\" \/><input type=\"hidden\" name=\"_wp_http_referer\" value=\"\/index.php\/wp-json\/wp\/v2\/pages\/1140\" \/><input type=\"hidden\" name=\"form_id\" value=\"1160\"><input type=\"hidden\" name=\"page_id\" value=\"1140\"><input type=\"hidden\" name=\"form_type\" value=\"default\"><input type=\"hidden\" name=\"current_url\" value=\"https:\/\/cebras.unb.br\/index.php\/uats2\/\"><input type=\"hidden\" name=\"render_id\" value=\"0\"><input type=\"hidden\" name=\"action\" value=\"forminator_submit_form_custom-forms\"><\/form><\/div>\n\t\t\t\t<\/div>\n\t\t\t\t<\/div>\n\t\t\t\t\t<\/div>\n\t\t<\/div>\n\t\t\t\t\t\t\t<\/div>\n\t\t<\/section>\n\t\t\t\t\t\t\t<\/div>\n\t\t","protected":false},"excerpt":{"rendered":"<p>Ao adicionar somente o custo da rabdomi\u00f3lise ao modelo, voc\u00ea percebeu que n\u00e3o ser\u00e1 suficiente para adequar o modelo. Para tanto voc\u00ea adicionar\u00e1 ao modelo conceitual, um novo estado de transi\u00e7\u00e3o \u201crabdomi\u00f3lise\u201d. Desta forma, voc\u00ea precisa calcular a probabilidade de transi\u00e7\u00e3o para cada alternativa em avalia\u00e7\u00e3o para inclus\u00e3o deste desfecho intermedi\u00e1rio. Marco et al, 2023 (estudo mais recente e com menor risco de vi\u00e9s) avaliaram 2320 indiv\u00edduos com s\u00edndrome coronariana aguda por 36 meses (grupo A: 1200 pacientes utilizando ezetimiba + atorvastatina; grupo B: 1120 utilizando atorvastatina isolada). Os autores identificaram 118 eventos de rabdomi\u00f3lise para o grupo A e 96 eventos para o grupo B. Considerando que o horizonte temporal da avali\u00e7\u00e3o econ\u00f4mica \u00e9 de 30 anos, com ciclos anuais, qual a probabilidade de transi\u00e7\u00e3o para:<\/p>\n","protected":false},"author":1,"featured_media":0,"parent":0,"menu_order":0,"comment_status":"closed","ping_status":"closed","template":"elementor_header_footer","meta":{"footnotes":""},"_links":{"self":[{"href":"https:\/\/cebras.unb.br\/index.php\/wp-json\/wp\/v2\/pages\/1140"}],"collection":[{"href":"https:\/\/cebras.unb.br\/index.php\/wp-json\/wp\/v2\/pages"}],"about":[{"href":"https:\/\/cebras.unb.br\/index.php\/wp-json\/wp\/v2\/types\/page"}],"author":[{"embeddable":true,"href":"https:\/\/cebras.unb.br\/index.php\/wp-json\/wp\/v2\/users\/1"}],"replies":[{"embeddable":true,"href":"https:\/\/cebras.unb.br\/index.php\/wp-json\/wp\/v2\/comments?post=1140"}],"version-history":[{"count":13,"href":"https:\/\/cebras.unb.br\/index.php\/wp-json\/wp\/v2\/pages\/1140\/revisions"}],"predecessor-version":[{"id":1174,"href":"https:\/\/cebras.unb.br\/index.php\/wp-json\/wp\/v2\/pages\/1140\/revisions\/1174"}],"wp:attachment":[{"href":"https:\/\/cebras.unb.br\/index.php\/wp-json\/wp\/v2\/media?parent=1140"}],"curies":[{"name":"wp","href":"https:\/\/api.w.org\/{rel}","templated":true}]}}