{"id":1121,"date":"2024-04-14T22:43:10","date_gmt":"2024-04-15T01:43:10","guid":{"rendered":"https:\/\/cebras.unb.br\/?page_id=1121"},"modified":"2024-04-15T21:13:48","modified_gmt":"2024-04-16T00:13:48","slug":"uats1","status":"publish","type":"page","link":"https:\/\/cebras.unb.br\/index.php\/uats1\/","title":{"rendered":"UATS1"},"content":{"rendered":"\t\t<div data-elementor-type=\"wp-page\" data-elementor-id=\"1121\" class=\"elementor elementor-1121\">\n\t\t\t\t\t\t\t\t\t<section class=\"elementor-section elementor-top-section elementor-element elementor-element-67afaf6 elementor-section-boxed elementor-section-height-default elementor-section-height-default\" data-id=\"67afaf6\" data-element_type=\"section\">\n\t\t\t\t\t\t<div class=\"elementor-container elementor-column-gap-default\">\n\t\t\t\t\t<div class=\"elementor-column elementor-col-100 elementor-top-column elementor-element elementor-element-e128bc3\" data-id=\"e128bc3\" data-element_type=\"column\">\n\t\t\t<div class=\"elementor-widget-wrap elementor-element-populated\">\n\t\t\t\t\t\t\t\t<div class=\"elementor-element elementor-element-b751f74 elementor-widget elementor-widget-shortcode\" data-id=\"b751f74\" data-element_type=\"widget\" data-widget_type=\"shortcode.default\">\n\t\t\t\t<div class=\"elementor-widget-container\">\n\t\t\t\t\t<div class=\"elementor-shortcode\"><div class=\"a2ca2ea5b2cd5db67fe067184ce782098\" style=\"display:none; color:#000000;\" icp-expire=\"0:00:30:00\" icp-type=\"DATE\" icp-redirect=\"esgotado\" icp-id=\"1\" icp-restart=\"0\"  icp-eg=\"1\" icp-expiration=\"1679339100\">\t\t<div class=\"a27dd80de63353175c531eeaebfe47e05\">\n\t\t\t<div class=\"a43a492d9dcfd4cd110f2fde478f62bab\" style=\"font-size: 50px;\">0<\/div>\n\t\t\t<div class=\"ade0345df331ae31c25c48948c71382ad\" style=\"font-size: 15px;\" icp-labels=\"days,day\">LBL<\/div>\n\t\t<\/div>\n\t\t\t\t<div class=\"ae32dd4ea7aee64a07da2ef71a6ac0207\">\n\t\t\t<div class=\"a43a492d9dcfd4cd110f2fde478f62bab\" style=\"font-size: 50px;\">:<\/div>\n\t\t\t<div><\/div>\n\t\t<\/div>\n\t\t\t\t<div class=\"a27dd80de63353175c531eeaebfe47e05\">\n\t\t\t<div class=\"a43a492d9dcfd4cd110f2fde478f62bab\" style=\"font-size: 50px;\">0<\/div>\n\t\t\t<div class=\"ade0345df331ae31c25c48948c71382ad\" style=\"font-size: 15px;\" icp-labels=\"horas,hora\">LBL<\/div>\n\t\t<\/div>\n\t\t\t\t<div class=\"ae32dd4ea7aee64a07da2ef71a6ac0207\">\n\t\t\t<div class=\"a43a492d9dcfd4cd110f2fde478f62bab\" style=\"font-size: 50px;\">:<\/div>\n\t\t\t<div><\/div>\n\t\t<\/div>\n\t\t\t\t<div class=\"a27dd80de63353175c531eeaebfe47e05\">\n\t\t\t<div class=\"a43a492d9dcfd4cd110f2fde478f62bab\" style=\"font-size: 50px;\">0<\/div>\n\t\t\t<div class=\"ade0345df331ae31c25c48948c71382ad\" style=\"font-size: 15px;\" icp-labels=\"minutos,minuto\">LBL<\/div>\n\t\t<\/div>\n\t\t\t\t<div class=\"ae32dd4ea7aee64a07da2ef71a6ac0207\">\n\t\t\t<div class=\"a43a492d9dcfd4cd110f2fde478f62bab\" style=\"font-size: 50px;\">:<\/div>\n\t\t\t<div><\/div>\n\t\t<\/div>\n\t\t\t\t<div class=\"a27dd80de63353175c531eeaebfe47e05\">\n\t\t\t<div class=\"a43a492d9dcfd4cd110f2fde478f62bab\" style=\"font-size: 50px;\">0<\/div>\n\t\t\t<div class=\"ade0345df331ae31c25c48948c71382ad\" style=\"font-size: 15px;\" icp-labels=\"segundos,segundo\">LBL<\/div>\n\t\t<\/div>\n\t\t<\/div><\/div>\n\t\t\t\t<\/div>\n\t\t\t\t<\/div>\n\t\t\t\t<div class=\"elementor-element elementor-element-10e8818 elementor-widget elementor-widget-text-editor\" data-id=\"10e8818\" data-element_type=\"widget\" data-widget_type=\"text-editor.default\">\n\t\t\t\t<div class=\"elementor-widget-container\">\n\t\t\t<style>\/*! elementor - v3.8.1 - 13-11-2022 *\/\n.elementor-widget-text-editor.elementor-drop-cap-view-stacked .elementor-drop-cap{background-color:#818a91;color:#fff}.elementor-widget-text-editor.elementor-drop-cap-view-framed .elementor-drop-cap{color:#818a91;border:3px solid;background-color:transparent}.elementor-widget-text-editor:not(.elementor-drop-cap-view-default) .elementor-drop-cap{margin-top:8px}.elementor-widget-text-editor:not(.elementor-drop-cap-view-default) .elementor-drop-cap-letter{width:1em;height:1em}.elementor-widget-text-editor .elementor-drop-cap{float:left;text-align:center;line-height:1;font-size:50px}.elementor-widget-text-editor .elementor-drop-cap-letter{display:inline-block}<\/style>\t\t\t\t<p><span class=\"OYPEnA text-decoration-none text-strikethrough-none\">Ap\u00f3s a reuni\u00e3o com especialistas voc\u00eas j\u00e1 tem um modelo de estados transicionais de Markov para avaliar a raz\u00e3o de custo-efetividade incremental por QALY ganho. Voc\u00eas j\u00e1 est\u00e3o bem avan\u00e7ado no desenvolvimento do modelo e incluiu v\u00e1rios desfechos intermedi\u00e1rios de interesse:<\/span><\/p><p>\u00a0<\/p><p class=\"cvGsUA direction-ltr align-justify para-style-body\"><span class=\"OYPEnA text-decoration-none text-strikethrough-none\">No entanto, a rabdomi\u00f3lise pode ser um efeito colateral potencialmente grave do uso da atorvastatina, portanto, (nesta altura do campeonato) voc\u00ea percebeu a necessidade inclu\u00ed-la no modelo.<\/span><\/p><p class=\"cvGsUA direction-ltr align-justify para-style-body\"><span class=\"OYPEnA text-decoration-none text-strikethrough-none\">Sendo assim, voc\u00ea precisa calcular o custo do evento rabdomi\u00f3lise para cada alternativa da avalia\u00e7\u00e3o econ\u00f4mica. Desta forma, voc\u00ea precisar\u00e1 saber a taxa deste evento para cada ciclo<\/span><\/p>\t\t\t\t\t\t<\/div>\n\t\t\t\t<\/div>\n\t\t\t\t<div class=\"elementor-element elementor-element-7bebc7b elementor-widget elementor-widget-image\" data-id=\"7bebc7b\" data-element_type=\"widget\" data-widget_type=\"image.default\">\n\t\t\t\t<div class=\"elementor-widget-container\">\n\t\t\t<style>\/*! elementor - v3.8.1 - 13-11-2022 *\/\n.elementor-widget-image{text-align:center}.elementor-widget-image a{display:inline-block}.elementor-widget-image a img[src$=\".svg\"]{width:48px}.elementor-widget-image img{vertical-align:middle;display:inline-block}<\/style>\t\t\t\t\t\t\t\t\t\t\t\t<img decoding=\"async\" src=\"https:\/\/i.ibb.co\/WVZPKyw\/Escape-Room-1.jpg\" title=\"\" alt=\"\" \/>\t\t\t\t\t\t\t\t\t\t\t\t\t\t\t<\/div>\n\t\t\t\t<\/div>\n\t\t\t\t<div class=\"elementor-element elementor-element-ae07a25 elementor-widget elementor-widget-text-editor\" data-id=\"ae07a25\" data-element_type=\"widget\" data-widget_type=\"text-editor.default\">\n\t\t\t\t<div class=\"elementor-widget-container\">\n\t\t\t\t\t\t\t<p><span class=\"OYPEnA text-decoration-none text-strikethrough-none\" style=\"color: #000000;\">Marco et al, 2023 (estudo mais recente e com menor risco de vi\u00e9s) avaliaram 2320 indiv\u00edduos com s\u00edndrome coronariana aguda por 36 meses (grupo A: 1200 pacientes utilizando ezetimiba + atorvastatina; grupo B: 1120 utilizando atorvastatina isolada). Os autores identificaram 118 eventos de rabdomi\u00f3lise para o grupo A e 96 eventos para o grupo B.<\/span><\/p><p><span class=\"OYPEnA text-decoration-none text-strikethrough-none\" style=\"color: #000000;\"><span class=\"OYPEnA text-decoration-none text-strikethrough-none\" style=\"font-weight: bold;\">Considerando os dados dispon\u00edveis, para a avalia\u00e7\u00e3o econ\u00f4mica com o horizonte temporal de 30 anos, com ciclos anuais, qual ser\u00e1 a taxa de rabdomi\u00f3lise para cada ciclo para:<\/span><br \/><\/span><\/p>\t\t\t\t\t\t<\/div>\n\t\t\t\t<\/div>\n\t\t\t\t<div class=\"elementor-element elementor-element-0dcb6ff elementor-widget elementor-widget-shortcode\" data-id=\"0dcb6ff\" data-element_type=\"widget\" data-widget_type=\"shortcode.default\">\n\t\t\t\t<div class=\"elementor-widget-container\">\n\t\t\t\t\t<div class=\"elementor-shortcode\"><div class=\"forminator-ui forminator-custom-form forminator-custom-form-1139 forminator-design--default  forminator_ajax\" data-forminator-render=\"0\" data-form=\"forminator-module-1139\" data-uid=\"69ffc869917fd\"><br\/><\/div><form\n\t\t\t\tid=\"forminator-module-1139\"\n\t\t\t\tclass=\"forminator-ui forminator-custom-form forminator-custom-form-1139 forminator-design--default  forminator_ajax\"\n\t\t\t\tmethod=\"post\"\n\t\t\t\tdata-forminator-render=\"0\"\n\t\t\t\tdata-form-id=\"1139\"\n\t\t\t\t\n\t\t\t\tdata-design=\"default\"\n\t\t\t\t\n\t\t\t\t\n\t\t\t\t\n\t\t\t\tdata-grid=\"open\"\n\t\t\t\t\n\t\t\t\t\n\t\t\t\tstyle=\"display: none;\"\n\t\t\t\t\n\t\t\t\tdata-uid=\"69ffc869917fd\"\n\t\t\t><div class=\"forminator-response-message forminator-error\" aria-hidden=\"true\"><\/div><div class=\"forminator-row\"><div id=\"text-1\" class=\"forminator-col forminator-col-12 \"><div class=\"forminator-field\"><label for=\"forminator-field-text-1_69ffc869917fd\" class=\"forminator-label\">Ezetimiba + atorvastatina?<\/label><input type=\"text\" name=\"text-1\" value=\"\" placeholder=\"(R: x,xxx)\" id=\"forminator-field-text-1_69ffc869917fd\" class=\"forminator-input forminator-name--field\" data-required=\"\" \/><\/div><\/div><\/div><div class=\"forminator-row\"><div id=\"text-2\" class=\"forminator-col forminator-col-12 \"><div class=\"forminator-field\"><label for=\"forminator-field-text-2_69ffc869917fd\" class=\"forminator-label\">Atorvastatina?<\/label><input type=\"text\" name=\"text-2\" value=\"\" placeholder=\"(R: x,xxx)\" id=\"forminator-field-text-2_69ffc869917fd\" class=\"forminator-input forminator-name--field\" data-required=\"\" \/><\/div><\/div><\/div><div class=\"forminator-row\"><div id=\"html-1\" class=\"forminator-col forminator-col-12 \"><div class=\"forminator-field forminator-merge-tags\" data-field=\"html-1\"><p><a href=\"https:\/\/cebras.unb.br\/index.php\/uats2\/\">CONTINUAR<\/a><\/p><\/div><\/div><\/div><input type=\"hidden\" name=\"referer_url\" value=\"\" \/><div class=\"forminator-row forminator-row-last\"><div class=\"forminator-col\"><div class=\"forminator-field\"><button class=\"forminator-button forminator-button-submit\">Enviar mensagem<\/button><\/div><\/div><\/div><input type=\"hidden\" id=\"forminator_nonce\" name=\"forminator_nonce\" value=\"966ad65de0\" \/><input type=\"hidden\" name=\"_wp_http_referer\" value=\"\/index.php\/wp-json\/wp\/v2\/pages\/1121\" \/><input type=\"hidden\" name=\"form_id\" value=\"1139\"><input type=\"hidden\" name=\"page_id\" value=\"1121\"><input type=\"hidden\" name=\"form_type\" value=\"default\"><input type=\"hidden\" name=\"current_url\" value=\"https:\/\/cebras.unb.br\/index.php\/uats1\/\"><input type=\"hidden\" name=\"render_id\" value=\"0\"><input type=\"hidden\" name=\"action\" value=\"forminator_submit_form_custom-forms\"><\/form><\/div>\n\t\t\t\t<\/div>\n\t\t\t\t<\/div>\n\t\t\t\t\t<\/div>\n\t\t<\/div>\n\t\t\t\t\t\t\t<\/div>\n\t\t<\/section>\n\t\t\t\t\t\t\t<\/div>\n\t\t","protected":false},"excerpt":{"rendered":"<p>Ap\u00f3s a reuni\u00e3o com especialistas voc\u00eas j\u00e1 tem um modelo de estados transicionais de Markov para avaliar a raz\u00e3o de custo-efetividade incremental por QALY ganho. Voc\u00eas j\u00e1 est\u00e3o bem avan\u00e7ado no desenvolvimento do modelo e incluiu v\u00e1rios desfechos intermedi\u00e1rios de interesse: \u00a0 No entanto, a rabdomi\u00f3lise pode ser um efeito colateral potencialmente grave do uso da atorvastatina, portanto, (nesta altura do campeonato) voc\u00ea percebeu a necessidade inclu\u00ed-la no modelo. Sendo assim, voc\u00ea precisa calcular o custo do evento rabdomi\u00f3lise para cada alternativa da avalia\u00e7\u00e3o econ\u00f4mica. Desta forma, voc\u00ea precisar\u00e1 saber a taxa deste evento para cada ciclo Marco et al, 2023 (estudo mais recente e com menor risco de vi\u00e9s) avaliaram 2320 indiv\u00edduos com s\u00edndrome coronariana aguda por 36 meses (grupo A: 1200 pacientes utilizando ezetimiba + atorvastatina; grupo B: 1120 utilizando atorvastatina isolada). Os autores identificaram 118 eventos de rabdomi\u00f3lise para o grupo A e 96 eventos para o&hellip;<\/p>\n<p> <a class=\"more-link\" href=\"https:\/\/cebras.unb.br\/index.php\/uats1\/\">Leia mais<\/a><\/p>\n","protected":false},"author":1,"featured_media":0,"parent":0,"menu_order":0,"comment_status":"closed","ping_status":"closed","template":"elementor_header_footer","meta":{"footnotes":""},"_links":{"self":[{"href":"https:\/\/cebras.unb.br\/index.php\/wp-json\/wp\/v2\/pages\/1121"}],"collection":[{"href":"https:\/\/cebras.unb.br\/index.php\/wp-json\/wp\/v2\/pages"}],"about":[{"href":"https:\/\/cebras.unb.br\/index.php\/wp-json\/wp\/v2\/types\/page"}],"author":[{"embeddable":true,"href":"https:\/\/cebras.unb.br\/index.php\/wp-json\/wp\/v2\/users\/1"}],"replies":[{"embeddable":true,"href":"https:\/\/cebras.unb.br\/index.php\/wp-json\/wp\/v2\/comments?post=1121"}],"version-history":[{"count":25,"href":"https:\/\/cebras.unb.br\/index.php\/wp-json\/wp\/v2\/pages\/1121\/revisions"}],"predecessor-version":[{"id":1269,"href":"https:\/\/cebras.unb.br\/index.php\/wp-json\/wp\/v2\/pages\/1121\/revisions\/1269"}],"wp:attachment":[{"href":"https:\/\/cebras.unb.br\/index.php\/wp-json\/wp\/v2\/media?parent=1121"}],"curies":[{"name":"wp","href":"https:\/\/api.w.org\/{rel}","templated":true}]}}